{"id":465258,"date":"2025-06-01T02:32:48","date_gmt":"2025-06-01T00:32:48","guid":{"rendered":"https:\/\/lucacastelli.com\/prodotto\/garde-chaine-pour-tronconneuses-tophandle-40cm\/"},"modified":"2026-03-02T11:25:35","modified_gmt":"2026-03-02T10:25:35","slug":"garde-chaine-pour-tronconneuses-tophandle-40cm","status":"publish","type":"product","link":"https:\/\/lucacastelli.com\/fr\/produit\/garde-chaine-pour-tronconneuses-tophandle-40cm\/","title":{"rendered":"STIHL Prot\u00e8ge-cha\u00eene pour tron\u00e7onneuses d\u2019\u00e9lagage 40 cm"},"content":{"rendered":"<p>S\u2019enclenche dans le couvercle de pignon sans risque de perte. Les griffes sont recouvertes. Pour MS 193 T, MS 200 T et MS 201 T.<br \/>\n795711937324<\/p>\n","protected":false},"excerpt":{"rendered":"<p>Prot\u00e8ge-cha\u00eene pour tron\u00e7onneuses d\u2019\u00e9lagage 40 cm<\/p>\n","protected":false},"featured_media":437891,"template":"","meta":{"_seopress_robots_primary_cat":"","_seopress_titles_title":"","_seopress_titles_desc":"","_seopress_robots_index":""},"product_brand":[3366],"product_cat":[29,268],"product_tag":[3265],"class_list":{"0":"post-465258","1":"product","2":"type-product","3":"status-publish","4":"has-post-thumbnail","6":"product_brand-stihl","7":"product_cat-macchinari","8":"product_cat-motoseghe","9":"product_tag-import-stihl","10":"sws-gruppo-macchinari-fr","11":"sws-conto-ricavi-merci-rivendita-macchinari-fr","12":"sws-gruppo-iva-iva81-fr","14":"first","15":"onbackorder","16":"purchasable","17":"product-type-simple"},"_links":{"self":[{"href":"https:\/\/lucacastelli.com\/fr\/wp-json\/wp\/v2\/product\/465258","targetHints":{"allow":["GET"]}}],"collection":[{"href":"https:\/\/lucacastelli.com\/fr\/wp-json\/wp\/v2\/product"}],"about":[{"href":"https:\/\/lucacastelli.com\/fr\/wp-json\/wp\/v2\/types\/product"}],"wp:featuredmedia":[{"embeddable":true,"href":"https:\/\/lucacastelli.com\/fr\/wp-json\/wp\/v2\/media\/437891"}],"wp:attachment":[{"href":"https:\/\/lucacastelli.com\/fr\/wp-json\/wp\/v2\/media?parent=465258"}],"wp:term":[{"taxonomy":"product_brand","embeddable":true,"href":"https:\/\/lucacastelli.com\/fr\/wp-json\/wp\/v2\/product_brand?post=465258"},{"taxonomy":"product_cat","embeddable":true,"href":"https:\/\/lucacastelli.com\/fr\/wp-json\/wp\/v2\/product_cat?post=465258"},{"taxonomy":"product_tag","embeddable":true,"href":"https:\/\/lucacastelli.com\/fr\/wp-json\/wp\/v2\/product_tag?post=465258"}],"curies":[{"name":"wp","href":"https:\/\/api.w.org\/{rel}","templated":true}]}}