{"id":465248,"date":"2025-06-01T02:31:51","date_gmt":"2025-06-01T00:31:51","guid":{"rendered":"https:\/\/lucacastelli.com\/prodotto\/stihl-laser-2-en-1\/"},"modified":"2025-06-28T03:56:17","modified_gmt":"2025-06-28T01:56:17","slug":"stihl-laser-2-en-1","status":"publish","type":"product","link":"https:\/\/lucacastelli.com\/fr\/produit\/stihl-laser-2-en-1\/","title":{"rendered":"STIHL Laser 2 en 1"},"content":{"rendered":"<p>L\u2019indicateur de direction de r\u00e9duction et le dispositif de coupe en une seule solution. Il vous permet de couper avec pr\u00e9cision de petits morceaux de bois sans recourir \u00e0 de longues mesures et, en tant qu\u2019indicateur de la direction de chute, est tr\u00e8s utile pour v\u00e9rifier les coupes et le sens d\u2019abattage. Avec d\u00e9monstration vid\u00e9o sur DVD. C\u2019est \u00e0 vous de choisir le bon support pour votre tron\u00e7onneuse.<br \/>\n795711842260   <\/p>\n","protected":false},"excerpt":{"rendered":"<p>STIHL Laser 2 en 1<\/p>\n","protected":false},"featured_media":437871,"template":"","meta":{"_seopress_robots_primary_cat":"","_seopress_titles_title":"","_seopress_titles_desc":"","_seopress_robots_index":""},"product_brand":[3366],"product_cat":[29,515,268],"product_tag":[3265],"class_list":{"0":"post-465248","1":"product","2":"type-product","3":"status-publish","4":"has-post-thumbnail","6":"product_brand-stihl","7":"product_cat-macchinari","8":"product_cat-accessori-e-materiale-di-consumo-altri-dispositivi","9":"product_cat-motoseghe","10":"product_tag-import-stihl","11":"sws-gruppo-macchinari-fr","12":"sws-conto-ricavi-merci-rivendita-macchinari-fr","13":"sws-gruppo-iva-iva81-fr","15":"first","16":"onbackorder","17":"purchasable","18":"product-type-simple"},"_links":{"self":[{"href":"https:\/\/lucacastelli.com\/fr\/wp-json\/wp\/v2\/product\/465248","targetHints":{"allow":["GET"]}}],"collection":[{"href":"https:\/\/lucacastelli.com\/fr\/wp-json\/wp\/v2\/product"}],"about":[{"href":"https:\/\/lucacastelli.com\/fr\/wp-json\/wp\/v2\/types\/product"}],"wp:featuredmedia":[{"embeddable":true,"href":"https:\/\/lucacastelli.com\/fr\/wp-json\/wp\/v2\/media\/437871"}],"wp:attachment":[{"href":"https:\/\/lucacastelli.com\/fr\/wp-json\/wp\/v2\/media?parent=465248"}],"wp:term":[{"taxonomy":"product_brand","embeddable":true,"href":"https:\/\/lucacastelli.com\/fr\/wp-json\/wp\/v2\/product_brand?post=465248"},{"taxonomy":"product_cat","embeddable":true,"href":"https:\/\/lucacastelli.com\/fr\/wp-json\/wp\/v2\/product_cat?post=465248"},{"taxonomy":"product_tag","embeddable":true,"href":"https:\/\/lucacastelli.com\/fr\/wp-json\/wp\/v2\/product_tag?post=465248"}],"curies":[{"name":"wp","href":"https:\/\/api.w.org\/{rel}","templated":true}]}}