{"id":465239,"date":"2025-06-01T01:13:21","date_gmt":"2025-05-31T23:13:21","guid":{"rendered":"https:\/\/lucacastelli.com\/prodotto\/pour-1-4-p-o-32-mm\/"},"modified":"2025-06-28T03:55:26","modified_gmt":"2025-06-28T01:55:26","slug":"pour-1-4-p-o-32-mm","status":"publish","type":"product","link":"https:\/\/lucacastelli.com\/fr\/produit\/pour-1-4-p-o-32-mm\/","title":{"rendered":"STIHL pour 1\/4&#8243; P \u00d8 3,2 mm"},"content":{"rendered":"<p>Compl\u00e9ment id\u00e9al aux STIHL. Particuli\u00e8rement facile \u00e0 manipuler, pour un guidage tr\u00e8s pr\u00e9cis des limes et une nettet\u00e9 de cha\u00eene parfaite, m\u00eame pour les utilisateurs occasionnels. Avec mode d\u2019emploi sur DVD.<br \/>\n795711956875<\/p>\n","protected":false},"excerpt":{"rendered":"<p>pour 1\/4&#8243; P \u00d8 3,2 mm<\/p>\n","protected":false},"featured_media":437758,"template":"","meta":{"_seopress_robots_primary_cat":"","_seopress_titles_title":"","_seopress_titles_desc":"","_seopress_robots_index":""},"product_brand":[3366],"product_cat":[29,515,268],"product_tag":[3265],"class_list":{"0":"post-465239","1":"product","2":"type-product","3":"status-publish","4":"has-post-thumbnail","6":"product_brand-stihl","7":"product_cat-macchinari","8":"product_cat-accessori-e-materiale-di-consumo-altri-dispositivi","9":"product_cat-motoseghe","10":"product_tag-import-stihl","11":"sws-gruppo-macchinari-fr","12":"sws-conto-ricavi-merci-rivendita-macchinari-fr","13":"sws-gruppo-iva-iva81-fr","15":"first","16":"onbackorder","17":"purchasable","18":"product-type-simple"},"_links":{"self":[{"href":"https:\/\/lucacastelli.com\/fr\/wp-json\/wp\/v2\/product\/465239","targetHints":{"allow":["GET"]}}],"collection":[{"href":"https:\/\/lucacastelli.com\/fr\/wp-json\/wp\/v2\/product"}],"about":[{"href":"https:\/\/lucacastelli.com\/fr\/wp-json\/wp\/v2\/types\/product"}],"wp:featuredmedia":[{"embeddable":true,"href":"https:\/\/lucacastelli.com\/fr\/wp-json\/wp\/v2\/media\/437758"}],"wp:attachment":[{"href":"https:\/\/lucacastelli.com\/fr\/wp-json\/wp\/v2\/media?parent=465239"}],"wp:term":[{"taxonomy":"product_brand","embeddable":true,"href":"https:\/\/lucacastelli.com\/fr\/wp-json\/wp\/v2\/product_brand?post=465239"},{"taxonomy":"product_cat","embeddable":true,"href":"https:\/\/lucacastelli.com\/fr\/wp-json\/wp\/v2\/product_cat?post=465239"},{"taxonomy":"product_tag","embeddable":true,"href":"https:\/\/lucacastelli.com\/fr\/wp-json\/wp\/v2\/product_tag?post=465239"}],"curies":[{"name":"wp","href":"https:\/\/api.w.org\/{rel}","templated":true}]}}