{"id":465233,"date":"2025-06-01T01:13:03","date_gmt":"2025-05-31T23:13:03","guid":{"rendered":"https:\/\/lucacastelli.com\/prodotto\/guide-de-porte-lame-pour-3-8-p-mini\/"},"modified":"2025-08-08T15:14:50","modified_gmt":"2025-08-08T13:14:50","slug":"guide-de-porte-lame-pour-3-8-p-mini","status":"publish","type":"product","link":"https:\/\/lucacastelli.com\/fr\/produit\/guide-de-porte-lame-pour-3-8-p-mini\/","title":{"rendered":"STIHL Guide de porte-lame pour 3\/8&#8243; P Mini"},"content":{"rendered":"<p>Compl\u00e9ment id\u00e9al aux STIHL. Particuli\u00e8rement facile \u00e0 manipuler, pour un guidage tr\u00e8s pr\u00e9cis des limes et une nettet\u00e9 de cha\u00eene parfaite, m\u00eame pour les utilisateurs occasionnels. Avec mode d\u2019emploi sur DVD.<br \/>\n795711692681<\/p>\n","protected":false},"excerpt":{"rendered":"<p>Guide de porte-lame pour 3\/8&#8243; P Mini<\/p>\n","protected":false},"featured_media":437758,"template":"","meta":{"_seopress_robots_primary_cat":"","_seopress_titles_title":"","_seopress_titles_desc":"","_seopress_robots_index":""},"product_brand":[3366],"product_cat":[29,515,268],"product_tag":[3265],"class_list":{"0":"post-465233","1":"product","2":"type-product","3":"status-publish","4":"has-post-thumbnail","6":"product_brand-stihl","7":"product_cat-macchinari","8":"product_cat-accessori-e-materiale-di-consumo-altri-dispositivi","9":"product_cat-motoseghe","10":"product_tag-import-stihl","11":"sws-gruppo-macchinari-fr","12":"sws-conto-ricavi-merci-rivendita-macchinari-fr","13":"sws-gruppo-iva-iva81-fr","15":"first","16":"onbackorder","17":"purchasable","18":"product-type-simple"},"_links":{"self":[{"href":"https:\/\/lucacastelli.com\/fr\/wp-json\/wp\/v2\/product\/465233","targetHints":{"allow":["GET"]}}],"collection":[{"href":"https:\/\/lucacastelli.com\/fr\/wp-json\/wp\/v2\/product"}],"about":[{"href":"https:\/\/lucacastelli.com\/fr\/wp-json\/wp\/v2\/types\/product"}],"wp:featuredmedia":[{"embeddable":true,"href":"https:\/\/lucacastelli.com\/fr\/wp-json\/wp\/v2\/media\/437758"}],"wp:attachment":[{"href":"https:\/\/lucacastelli.com\/fr\/wp-json\/wp\/v2\/media?parent=465233"}],"wp:term":[{"taxonomy":"product_brand","embeddable":true,"href":"https:\/\/lucacastelli.com\/fr\/wp-json\/wp\/v2\/product_brand?post=465233"},{"taxonomy":"product_cat","embeddable":true,"href":"https:\/\/lucacastelli.com\/fr\/wp-json\/wp\/v2\/product_cat?post=465233"},{"taxonomy":"product_tag","embeddable":true,"href":"https:\/\/lucacastelli.com\/fr\/wp-json\/wp\/v2\/product_tag?post=465233"}],"curies":[{"name":"wp","href":"https:\/\/api.w.org\/{rel}","templated":true}]}}