{"id":465224,"date":"2025-06-01T01:12:06","date_gmt":"2025-05-31T23:12:06","guid":{"rendered":"https:\/\/lucacastelli.com\/prodotto\/aiguiseur-fg-4-pour-3-8-p-o-4-0-mm\/"},"modified":"2025-06-28T03:54:59","modified_gmt":"2025-06-28T01:54:59","slug":"aiguiseur-fg-4-pour-3-8-p-o-4-0-mm","status":"publish","type":"product","link":"https:\/\/lucacastelli.com\/fr\/produit\/aiguiseur-fg-4-pour-3-8-p-o-4-0-mm\/","title":{"rendered":"STIHL Aiguiseur FG 4, pour 3\/8&#8243; P \u00d8 4.0 mm"},"content":{"rendered":"<p>Aff\u00fbteur de limes rondes compact avec un excellent guide de limes \u00e0 chanfreiner, des limes pr\u00e9cises avec des efforts r\u00e9duits. Id\u00e9al pour les professionnels qui travaillent quotidiennement sur l\u2019aff\u00fbtage de pr\u00e9cision. Avec plaque d\u2019aff\u00fbtage int\u00e9gr\u00e9e pour un r\u00e9glage correct de la distance entre les but\u00e9es de profondeur en fonction de la proc\u00e9dure d\u2019aff\u00fbtage et des conseils utiles pour l\u2019application sur DVD.<br \/>\n795711692247<\/p>\n","protected":false},"excerpt":{"rendered":"<p>Aiguiseur FG 4, pour 3\/8&#8243; P \u00d8 4.0 mm<\/p>\n","protected":false},"featured_media":437750,"template":"","meta":{"_seopress_robots_primary_cat":"","_seopress_titles_title":"","_seopress_titles_desc":"","_seopress_robots_index":""},"product_brand":[3366],"product_cat":[29,515,268],"product_tag":[3265],"class_list":{"0":"post-465224","1":"product","2":"type-product","3":"status-publish","4":"has-post-thumbnail","6":"product_brand-stihl","7":"product_cat-macchinari","8":"product_cat-accessori-e-materiale-di-consumo-altri-dispositivi","9":"product_cat-motoseghe","10":"product_tag-import-stihl","11":"sws-gruppo-macchinari-fr","12":"sws-conto-ricavi-merci-rivendita-macchinari-fr","13":"sws-gruppo-iva-iva81-fr","15":"first","16":"onbackorder","17":"purchasable","18":"product-type-simple"},"_links":{"self":[{"href":"https:\/\/lucacastelli.com\/fr\/wp-json\/wp\/v2\/product\/465224","targetHints":{"allow":["GET"]}}],"collection":[{"href":"https:\/\/lucacastelli.com\/fr\/wp-json\/wp\/v2\/product"}],"about":[{"href":"https:\/\/lucacastelli.com\/fr\/wp-json\/wp\/v2\/types\/product"}],"wp:featuredmedia":[{"embeddable":true,"href":"https:\/\/lucacastelli.com\/fr\/wp-json\/wp\/v2\/media\/437750"}],"wp:attachment":[{"href":"https:\/\/lucacastelli.com\/fr\/wp-json\/wp\/v2\/media?parent=465224"}],"wp:term":[{"taxonomy":"product_brand","embeddable":true,"href":"https:\/\/lucacastelli.com\/fr\/wp-json\/wp\/v2\/product_brand?post=465224"},{"taxonomy":"product_cat","embeddable":true,"href":"https:\/\/lucacastelli.com\/fr\/wp-json\/wp\/v2\/product_cat?post=465224"},{"taxonomy":"product_tag","embeddable":true,"href":"https:\/\/lucacastelli.com\/fr\/wp-json\/wp\/v2\/product_tag?post=465224"}],"curies":[{"name":"wp","href":"https:\/\/api.w.org\/{rel}","templated":true}]}}