{"id":465173,"date":"2025-06-01T00:11:36","date_gmt":"2025-05-31T22:11:36","guid":{"rendered":"https:\/\/lucacastelli.com\/prodotto\/stihl-duromatic-e-37cm\/"},"modified":"2025-06-01T00:11:36","modified_gmt":"2025-05-31T22:11:36","slug":"stihl-duromatic-e-37cm","status":"publish","type":"product","link":"https:\/\/lucacastelli.com\/fr\/produit\/stihl-duromatic-e-37cm\/","title":{"rendered":"STIHL Duromatic E, 37cm"},"content":{"rendered":"<p>La STIHL Duromatic E est une barre int\u00e9grale extr\u00eamement robuste pour travailler avec des tron\u00e7onneuses de moyenne et haute puissance. Le corps de la barre est en acier solide extraordinairement r\u00e9sistant.  La pointe de la barre, qui est con\u00e7ue pour \u00eatre soumise \u00e0 de fortes contraintes, est prot\u00e9g\u00e9e par un rev\u00eatement en carbure.<br \/>\n795711038670<\/p>\n<p>Largeur de la rainure 1,6 mm\/.063 &#8221;<br \/>\nConnexion de la barre de guidage Connexion de la barre de guidage<\/p>\n<p>Longueur de la barre Longueur de la barre<\/p>\n","protected":false},"excerpt":{"rendered":"<p>STIHL Duromatic E, 37cm<\/p>\n","protected":false},"featured_media":429608,"template":"","meta":{"_seopress_robots_primary_cat":"","_seopress_titles_title":"","_seopress_titles_desc":"","_seopress_robots_index":""},"product_brand":[3366],"product_cat":[29,268,524],"product_tag":[3265],"class_list":{"0":"post-465173","1":"product","2":"type-product","3":"status-publish","4":"has-post-thumbnail","6":"product_brand-stihl","7":"product_cat-macchinari","8":"product_cat-motoseghe","9":"product_cat-spranghe-guida","10":"product_tag-import-stihl","11":"sws-gruppo-macchinari-fr","12":"sws-conto-ricavi-merci-rivendita-macchinari-fr","13":"sws-gruppo-iva-iva81-fr","15":"first","16":"onbackorder","17":"purchasable","18":"product-type-simple"},"_links":{"self":[{"href":"https:\/\/lucacastelli.com\/fr\/wp-json\/wp\/v2\/product\/465173","targetHints":{"allow":["GET"]}}],"collection":[{"href":"https:\/\/lucacastelli.com\/fr\/wp-json\/wp\/v2\/product"}],"about":[{"href":"https:\/\/lucacastelli.com\/fr\/wp-json\/wp\/v2\/types\/product"}],"wp:featuredmedia":[{"embeddable":true,"href":"https:\/\/lucacastelli.com\/fr\/wp-json\/wp\/v2\/media\/429608"}],"wp:attachment":[{"href":"https:\/\/lucacastelli.com\/fr\/wp-json\/wp\/v2\/media?parent=465173"}],"wp:term":[{"taxonomy":"product_brand","embeddable":true,"href":"https:\/\/lucacastelli.com\/fr\/wp-json\/wp\/v2\/product_brand?post=465173"},{"taxonomy":"product_cat","embeddable":true,"href":"https:\/\/lucacastelli.com\/fr\/wp-json\/wp\/v2\/product_cat?post=465173"},{"taxonomy":"product_tag","embeddable":true,"href":"https:\/\/lucacastelli.com\/fr\/wp-json\/wp\/v2\/product_tag?post=465173"}],"curies":[{"name":"wp","href":"https:\/\/api.w.org\/{rel}","templated":true}]}}