{"id":465170,"date":"2025-06-01T00:11:00","date_gmt":"2025-05-31T22:11:00","guid":{"rendered":"https:\/\/lucacastelli.com\/prodotto\/rollomatic-e-3-8d-45cm\/"},"modified":"2025-06-28T19:46:03","modified_gmt":"2025-06-28T17:46:03","slug":"rollomatic-e-3-8d-45cm","status":"publish","type":"product","link":"https:\/\/lucacastelli.com\/fr\/produit\/rollomatic-e-3-8d-45cm\/","title":{"rendered":"STIHL Rollomatic E, 3\/8&#8243;D, 45cm"},"content":{"rendered":"<p>Le corps de cette barre est compos\u00e9 de trois plaques m\u00e9talliques \u00e9lectro-soud\u00e9es, dont la centrale est en grande partie \u00e9vid\u00e9e. L\u2019avantage : une grande stabilit\u00e9 avec peu de poids. Pour couvrir le large \u00e9ventail d\u2019exigences d\u2019application, les barres Rollomatic E sont produites avec deux tailles de t\u00eate diff\u00e9rentes (\u00e9toiles folles).<br \/>\n795711038496  <\/p>\n<p>Pas de l\u2019\u00e9toile de renvoi&nbsp;: 9.32mm\/3\/8&#8243;P<br \/>\nLargeur de la rainure Largeur de la rainure<\/p>\n<p>Raccordement de la barre de guidage Connexion de la barre de guidage<br \/>\nNum\u00e9ro de renvoi&nbsp;: 9<br \/>\nLongueur de la barre 45cm\/18&#8243;<\/p>\n","protected":false},"excerpt":{"rendered":"<p>Rollomatic E, 3\/8&#8243;D, 45cm<\/p>\n","protected":false},"featured_media":429487,"template":"","meta":{"_seopress_robots_primary_cat":"","_seopress_titles_title":"","_seopress_titles_desc":"","_seopress_robots_index":""},"product_brand":[3366],"product_cat":[29,268,524],"product_tag":[3265],"class_list":{"0":"post-465170","1":"product","2":"type-product","3":"status-publish","4":"has-post-thumbnail","6":"product_brand-stihl","7":"product_cat-macchinari","8":"product_cat-motoseghe","9":"product_cat-spranghe-guida","10":"product_tag-import-stihl","11":"sws-gruppo-macchinari-fr","12":"sws-conto-ricavi-merci-rivendita-macchinari-fr","13":"sws-gruppo-iva-iva81-fr","15":"first","16":"onbackorder","17":"purchasable","18":"product-type-simple"},"_links":{"self":[{"href":"https:\/\/lucacastelli.com\/fr\/wp-json\/wp\/v2\/product\/465170","targetHints":{"allow":["GET"]}}],"collection":[{"href":"https:\/\/lucacastelli.com\/fr\/wp-json\/wp\/v2\/product"}],"about":[{"href":"https:\/\/lucacastelli.com\/fr\/wp-json\/wp\/v2\/types\/product"}],"wp:featuredmedia":[{"embeddable":true,"href":"https:\/\/lucacastelli.com\/fr\/wp-json\/wp\/v2\/media\/429487"}],"wp:attachment":[{"href":"https:\/\/lucacastelli.com\/fr\/wp-json\/wp\/v2\/media?parent=465170"}],"wp:term":[{"taxonomy":"product_brand","embeddable":true,"href":"https:\/\/lucacastelli.com\/fr\/wp-json\/wp\/v2\/product_brand?post=465170"},{"taxonomy":"product_cat","embeddable":true,"href":"https:\/\/lucacastelli.com\/fr\/wp-json\/wp\/v2\/product_cat?post=465170"},{"taxonomy":"product_tag","embeddable":true,"href":"https:\/\/lucacastelli.com\/fr\/wp-json\/wp\/v2\/product_tag?post=465170"}],"curies":[{"name":"wp","href":"https:\/\/api.w.org\/{rel}","templated":true}]}}