{"id":465163,"date":"2025-06-01T00:10:12","date_gmt":"2025-05-31T22:10:12","guid":{"rendered":"https:\/\/lucacastelli.com\/prodotto\/rollomatic-es-3-8-11-d-75cm\/"},"modified":"2025-06-28T19:45:40","modified_gmt":"2025-06-28T17:45:40","slug":"rollomatic-es-3-8-11-d-75cm","status":"publish","type":"product","link":"https:\/\/lucacastelli.com\/fr\/produit\/rollomatic-es-3-8-11-d-75cm\/","title":{"rendered":"STIHL Rollomatic ES, 3\/8&#8243;, 11 d, 75cm"},"content":{"rendered":"<p>Le STIHL Rollomatic ES (STIHL Ematic Super) se compose d\u2019un corps solide et particuli\u00e8rement rigide ainsi que d\u2019une t\u00eate enti\u00e8rement interchangeable. Il est donc con\u00e7u sur mesure pour r\u00e9pondre aux exigences les plus \u00e9lev\u00e9es en mati\u00e8re d\u2019utilisation professionnelle. Il est principalement utilis\u00e9 dans l\u2019abattage et la coupe \u00e0 longueur sur des tron\u00e7onneuses tr\u00e8s puissantes. Les trous d\u2019huile elliptiques inclin\u00e9s augmentent la vitesse d\u2019\u00e9coulement de l\u2019huile de cha\u00eene et assurent une capacit\u00e9 de lubrification optimale et une dur\u00e9e de vie plus longue de la barre.<br \/>\n795711129651<\/p>\n<p>Pas de l\u2019\u00e9toile de raccord 9,32 mm\/3\/8 &#8221;<br \/>\nLargeur de la rainure Largeur de la rainure<\/p>\n<p>Raccordement du guide-cha\u00eene Raccordement du<br \/>\nguide-cha\u00eene Nombre de renvoi 11<br \/>\nLongueur de la barre 75cm\/30&#8243;<\/p>\n","protected":false},"excerpt":{"rendered":"<p>Rollomatic ES, 3\/8&#8243;, 11 d, 75cm<\/p>\n","protected":false},"featured_media":429624,"template":"","meta":{"_seopress_robots_primary_cat":"","_seopress_titles_title":"","_seopress_titles_desc":"","_seopress_robots_index":""},"product_brand":[3366],"product_cat":[29,268,524],"product_tag":[3265],"class_list":{"0":"post-465163","1":"product","2":"type-product","3":"status-publish","4":"has-post-thumbnail","6":"product_brand-stihl","7":"product_cat-macchinari","8":"product_cat-motoseghe","9":"product_cat-spranghe-guida","10":"product_tag-import-stihl","11":"sws-gruppo-macchinari-fr","12":"sws-conto-ricavi-merci-rivendita-macchinari-fr","13":"sws-gruppo-iva-iva81-fr","15":"first","16":"onbackorder","17":"purchasable","18":"product-type-simple"},"_links":{"self":[{"href":"https:\/\/lucacastelli.com\/fr\/wp-json\/wp\/v2\/product\/465163","targetHints":{"allow":["GET"]}}],"collection":[{"href":"https:\/\/lucacastelli.com\/fr\/wp-json\/wp\/v2\/product"}],"about":[{"href":"https:\/\/lucacastelli.com\/fr\/wp-json\/wp\/v2\/types\/product"}],"wp:featuredmedia":[{"embeddable":true,"href":"https:\/\/lucacastelli.com\/fr\/wp-json\/wp\/v2\/media\/429624"}],"wp:attachment":[{"href":"https:\/\/lucacastelli.com\/fr\/wp-json\/wp\/v2\/media?parent=465163"}],"wp:term":[{"taxonomy":"product_brand","embeddable":true,"href":"https:\/\/lucacastelli.com\/fr\/wp-json\/wp\/v2\/product_brand?post=465163"},{"taxonomy":"product_cat","embeddable":true,"href":"https:\/\/lucacastelli.com\/fr\/wp-json\/wp\/v2\/product_cat?post=465163"},{"taxonomy":"product_tag","embeddable":true,"href":"https:\/\/lucacastelli.com\/fr\/wp-json\/wp\/v2\/product_tag?post=465163"}],"curies":[{"name":"wp","href":"https:\/\/api.w.org\/{rel}","templated":true}]}}