{"id":465148,"date":"2025-06-01T00:08:31","date_gmt":"2025-05-31T22:08:31","guid":{"rendered":"https:\/\/lucacastelli.com\/prodotto\/lumiere-04-325-1-3mm-35cm\/"},"modified":"2025-06-28T19:45:31","modified_gmt":"2025-06-28T17:45:31","slug":"lumiere-04-325-1-3mm-35cm","status":"publish","type":"product","link":"https:\/\/lucacastelli.com\/fr\/produit\/lumiere-04-325-1-3mm-35cm\/","title":{"rendered":"STIHL Lumi\u00e8re 04, .325&#8243;, 1.3mm, 35cm"},"content":{"rendered":"<p>Light 04 est le premier mod\u00e8le de barre STIHL avec un nouveau nom et un design innovant. La nouvelle Light 04 a une forme particuli\u00e8re : l\u2019\u00e9quilibre am\u00e9lior\u00e9 signifie moins d\u2019efforts dans l\u2019utilisation de la tron\u00e7onneuse, car son profil mince r\u00e9duit le poids de 200 g par rapport aux barres existantes.<br \/>\n886661807475 <\/p>\n<p>Pas de l\u2019\u00e9toile de renvoi 8,25 mm\/.325 &#8221;<br \/>\nLargeur de la rainure Largeur de la rainure<\/p>\n<p>Connexion de la barre de guidage Connexion de la barre de guidage<br \/>\nNombre de roues folles 10<br \/>\nLongueur de la barre 35cm\/14&#8243;<\/p>\n","protected":false},"excerpt":{"rendered":"<p>Lumi\u00e8re 04, .325&#8243;, 1.3mm, 35cm<\/p>\n","protected":false},"featured_media":429710,"template":"","meta":{"_seopress_robots_primary_cat":"","_seopress_titles_title":"","_seopress_titles_desc":"","_seopress_robots_index":""},"product_brand":[3366],"product_cat":[29,268,524],"product_tag":[3265],"class_list":{"0":"post-465148","1":"product","2":"type-product","3":"status-publish","4":"has-post-thumbnail","6":"product_brand-stihl","7":"product_cat-macchinari","8":"product_cat-motoseghe","9":"product_cat-spranghe-guida","10":"product_tag-import-stihl","11":"sws-gruppo-macchinari-fr","12":"sws-conto-ricavi-merci-rivendita-macchinari-fr","13":"sws-gruppo-iva-iva81-fr","15":"first","16":"onbackorder","17":"purchasable","18":"product-type-simple"},"_links":{"self":[{"href":"https:\/\/lucacastelli.com\/fr\/wp-json\/wp\/v2\/product\/465148","targetHints":{"allow":["GET"]}}],"collection":[{"href":"https:\/\/lucacastelli.com\/fr\/wp-json\/wp\/v2\/product"}],"about":[{"href":"https:\/\/lucacastelli.com\/fr\/wp-json\/wp\/v2\/types\/product"}],"wp:featuredmedia":[{"embeddable":true,"href":"https:\/\/lucacastelli.com\/fr\/wp-json\/wp\/v2\/media\/429710"}],"wp:attachment":[{"href":"https:\/\/lucacastelli.com\/fr\/wp-json\/wp\/v2\/media?parent=465148"}],"wp:term":[{"taxonomy":"product_brand","embeddable":true,"href":"https:\/\/lucacastelli.com\/fr\/wp-json\/wp\/v2\/product_brand?post=465148"},{"taxonomy":"product_cat","embeddable":true,"href":"https:\/\/lucacastelli.com\/fr\/wp-json\/wp\/v2\/product_cat?post=465148"},{"taxonomy":"product_tag","embeddable":true,"href":"https:\/\/lucacastelli.com\/fr\/wp-json\/wp\/v2\/product_tag?post=465148"}],"curies":[{"name":"wp","href":"https:\/\/api.w.org\/{rel}","templated":true}]}}