{"id":465143,"date":"2025-06-01T00:07:45","date_gmt":"2025-05-31T22:07:45","guid":{"rendered":"https:\/\/lucacastelli.com\/prodotto\/chaine-diamant-36-gbm-40cm\/"},"modified":"2025-06-28T19:45:25","modified_gmt":"2025-06-28T17:45:25","slug":"chaine-diamant-36-gbm-40cm","status":"publish","type":"product","link":"https:\/\/lucacastelli.com\/fr\/produit\/chaine-diamant-36-gbm-40cm\/","title":{"rendered":"STIHL Cha\u00eene diamant 36 GBM, 40cm"},"content":{"rendered":"<p>Pour la coupe humide du b\u00e9ton et de la pierre dure rapidement et avec de faibles vibrations, adapt\u00e9 avec des limitations pour les briques et les tuyaux en fonte ductile, segments diamant\u00e9s pr\u00e9-aff\u00fbt\u00e9s, avec la technologie LowStretch.<\/p>\n<p>886661529216 Longueur de la barre 40cm\/16&#8243;Pas de la cha\u00eene<br \/>\n Pas de la cha\u00eene \u00c9paisseur<\/p>\n<p>des maillons du guide \u00c9paisseur des maillons du guide Nombre de dents de la bobine de<br \/>\nla cha\u00eene 1 8<br \/>\nNombre de maillons de guidage 64 Tg<\/p>\n","protected":false},"excerpt":{"rendered":"<p>Cha\u00eene diamant 36 GBM, 40cm<\/p>\n","protected":false},"featured_media":429655,"template":"","meta":{"_seopress_robots_primary_cat":"","_seopress_titles_title":"","_seopress_titles_desc":"","_seopress_robots_index":""},"product_brand":[3555],"product_cat":[1607,167,1604],"product_tag":[3267],"class_list":{"0":"post-465143","1":"product","2":"type-product","3":"status-publish","4":"has-post-thumbnail","6":"product_brand-stihl-fr","7":"product_cat-chaines-et-enrouleurs","8":"product_cat-machines","9":"product_cat-tronconneuses","10":"product_tag-import-stihl-fr","11":"sws-gruppo-macchinari-fr","12":"sws-conto-ricavi-merci-rivendita-macchinari-fr","13":"sws-gruppo-iva-iva81-fr","15":"first","16":"onbackorder","17":"purchasable","18":"product-type-simple"},"_links":{"self":[{"href":"https:\/\/lucacastelli.com\/fr\/wp-json\/wp\/v2\/product\/465143","targetHints":{"allow":["GET"]}}],"collection":[{"href":"https:\/\/lucacastelli.com\/fr\/wp-json\/wp\/v2\/product"}],"about":[{"href":"https:\/\/lucacastelli.com\/fr\/wp-json\/wp\/v2\/types\/product"}],"wp:featuredmedia":[{"embeddable":true,"href":"https:\/\/lucacastelli.com\/fr\/wp-json\/wp\/v2\/media\/429655"}],"wp:attachment":[{"href":"https:\/\/lucacastelli.com\/fr\/wp-json\/wp\/v2\/media?parent=465143"}],"wp:term":[{"taxonomy":"product_brand","embeddable":true,"href":"https:\/\/lucacastelli.com\/fr\/wp-json\/wp\/v2\/product_brand?post=465143"},{"taxonomy":"product_cat","embeddable":true,"href":"https:\/\/lucacastelli.com\/fr\/wp-json\/wp\/v2\/product_cat?post=465143"},{"taxonomy":"product_tag","embeddable":true,"href":"https:\/\/lucacastelli.com\/fr\/wp-json\/wp\/v2\/product_tag?post=465143"}],"curies":[{"name":"wp","href":"https:\/\/api.w.org\/{rel}","templated":true}]}}