{"id":465140,"date":"2025-06-01T00:06:54","date_gmt":"2025-05-31T22:06:54","guid":{"rendered":"https:\/\/lucacastelli.com\/prodotto\/chaine-diamant-36-gbe-40-cm\/"},"modified":"2025-06-28T19:45:13","modified_gmt":"2025-06-28T17:45:13","slug":"chaine-diamant-36-gbe-40-cm","status":"publish","type":"product","link":"https:\/\/lucacastelli.com\/fr\/produit\/chaine-diamant-36-gbe-40-cm\/","title":{"rendered":"STIHL Cha\u00eene diamant 36 GBE, 40 cm"},"content":{"rendered":"<p>Cha\u00eene de base pour une coupe humide rapide avec de faibles vibrations. Particuli\u00e8rement adapt\u00e9 aux mat\u00e9riaux de construction abrasifs tels que les briques et les silico-calcaires, les segments diamant\u00e9s pr\u00e9-aff\u00fbt\u00e9s, avec la technologie LowStretch.<br \/>\n886661115792 <\/p>\n<p>Longueur de la barre 40cm\/16&#8243;<br \/>\nPas de la cha\u00eene Pas de la cha\u00eene Pas de la cha\u00eene<\/p>\n<p>Epaisseur du maillon de guidage Epaisseur du maillon de guidage Nombre de dents de la bobine de<br \/>\ncha\u00eene 1 8<br \/>\nNombre de maillons de guidage 64 Tg<\/p>\n","protected":false},"excerpt":{"rendered":"<p>Cha\u00eene diamant 36 GBE, 40 cm<\/p>\n","protected":false},"featured_media":429655,"template":"","meta":{"_seopress_robots_primary_cat":"","_seopress_titles_title":"","_seopress_titles_desc":"","_seopress_robots_index":""},"product_brand":[3366],"product_cat":[29,268,504],"product_tag":[3265],"class_list":{"0":"post-465140","1":"product","2":"type-product","3":"status-publish","4":"has-post-thumbnail","6":"product_brand-stihl","7":"product_cat-macchinari","8":"product_cat-motoseghe","9":"product_cat-catene-e-rotoli","10":"product_tag-import-stihl","11":"sws-gruppo-macchinari-fr","12":"sws-conto-ricavi-merci-rivendita-macchinari-fr","13":"sws-gruppo-iva-iva81-fr","15":"first","16":"onbackorder","17":"purchasable","18":"product-type-simple"},"_links":{"self":[{"href":"https:\/\/lucacastelli.com\/fr\/wp-json\/wp\/v2\/product\/465140","targetHints":{"allow":["GET"]}}],"collection":[{"href":"https:\/\/lucacastelli.com\/fr\/wp-json\/wp\/v2\/product"}],"about":[{"href":"https:\/\/lucacastelli.com\/fr\/wp-json\/wp\/v2\/types\/product"}],"wp:featuredmedia":[{"embeddable":true,"href":"https:\/\/lucacastelli.com\/fr\/wp-json\/wp\/v2\/media\/429655"}],"wp:attachment":[{"href":"https:\/\/lucacastelli.com\/fr\/wp-json\/wp\/v2\/media?parent=465140"}],"wp:term":[{"taxonomy":"product_brand","embeddable":true,"href":"https:\/\/lucacastelli.com\/fr\/wp-json\/wp\/v2\/product_brand?post=465140"},{"taxonomy":"product_cat","embeddable":true,"href":"https:\/\/lucacastelli.com\/fr\/wp-json\/wp\/v2\/product_cat?post=465140"},{"taxonomy":"product_tag","embeddable":true,"href":"https:\/\/lucacastelli.com\/fr\/wp-json\/wp\/v2\/product_tag?post=465140"}],"curies":[{"name":"wp","href":"https:\/\/api.w.org\/{rel}","templated":true}]}}