{"id":465132,"date":"2025-06-01T00:06:33","date_gmt":"2025-05-31T22:06:33","guid":{"rendered":"https:\/\/lucacastelli.com\/prodotto\/chaine-de-coupe-diamantee-36-gbm\/"},"modified":"2025-06-28T19:44:49","modified_gmt":"2025-06-28T17:44:49","slug":"chaine-de-coupe-diamantee-36-gbm","status":"publish","type":"product","link":"https:\/\/lucacastelli.com\/fr\/produit\/chaine-de-coupe-diamantee-36-gbm\/","title":{"rendered":"STIHL Cha\u00eene de coupe diamant\u00e9e 36 GBM"},"content":{"rendered":"<p>Pour la coupe humide du b\u00e9ton et de la pierre dure rapidement et avec de faibles vibrations, adapt\u00e9 avec des limitations pour les briques et les tuyaux en fonte ductile, segments diamant\u00e9s pr\u00e9-aff\u00fbt\u00e9s, avec la technologie LowStretch.<\/p>\n<p>886661008674 Longueur de la barre 40cm\/16&#8243; Pas de la cha\u00eene<br \/>\n Pas de la cha\u00eene<\/p>\n<p>\u00c9paisseur du maillon de guidage \u00c9paisseur du maillon de guidage Nombre de dents de la bobine de<br \/>\ncha\u00eene 1 8<\/p>\n","protected":false},"excerpt":{"rendered":"<p>Cha\u00eene de coupe diamant\u00e9e 36 GBM<\/p>\n","protected":false},"featured_media":429655,"template":"","meta":{"_seopress_robots_primary_cat":"","_seopress_titles_title":"","_seopress_titles_desc":"","_seopress_robots_index":""},"product_brand":[3366],"product_cat":[29,268,504],"product_tag":[3265],"class_list":{"0":"post-465132","1":"product","2":"type-product","3":"status-publish","4":"has-post-thumbnail","6":"product_brand-stihl","7":"product_cat-macchinari","8":"product_cat-motoseghe","9":"product_cat-catene-e-rotoli","10":"product_tag-import-stihl","11":"sws-gruppo-macchinari-fr","12":"sws-conto-ricavi-merci-rivendita-macchinari-fr","13":"sws-gruppo-iva-iva81-fr","15":"first","16":"onbackorder","17":"product-type-simple"},"_links":{"self":[{"href":"https:\/\/lucacastelli.com\/fr\/wp-json\/wp\/v2\/product\/465132","targetHints":{"allow":["GET"]}}],"collection":[{"href":"https:\/\/lucacastelli.com\/fr\/wp-json\/wp\/v2\/product"}],"about":[{"href":"https:\/\/lucacastelli.com\/fr\/wp-json\/wp\/v2\/types\/product"}],"wp:featuredmedia":[{"embeddable":true,"href":"https:\/\/lucacastelli.com\/fr\/wp-json\/wp\/v2\/media\/429655"}],"wp:attachment":[{"href":"https:\/\/lucacastelli.com\/fr\/wp-json\/wp\/v2\/media?parent=465132"}],"wp:term":[{"taxonomy":"product_brand","embeddable":true,"href":"https:\/\/lucacastelli.com\/fr\/wp-json\/wp\/v2\/product_brand?post=465132"},{"taxonomy":"product_cat","embeddable":true,"href":"https:\/\/lucacastelli.com\/fr\/wp-json\/wp\/v2\/product_cat?post=465132"},{"taxonomy":"product_tag","embeddable":true,"href":"https:\/\/lucacastelli.com\/fr\/wp-json\/wp\/v2\/product_tag?post=465132"}],"curies":[{"name":"wp","href":"https:\/\/api.w.org\/{rel}","templated":true}]}}