{"id":465119,"date":"2025-06-01T00:05:55","date_gmt":"2025-05-31T22:05:55","guid":{"rendered":"https:\/\/lucacastelli.com\/prodotto\/stihl-rollomatic-es-404-12-d-90cm\/"},"modified":"2026-03-09T00:37:11","modified_gmt":"2026-03-08T23:37:11","slug":"stihl-rollomatic-es-404-12-d-90cm","status":"publish","type":"product","link":"https:\/\/lucacastelli.com\/fr\/produit\/stihl-rollomatic-es-404-12-d-90cm\/","title":{"rendered":"STIHL Rollomatic ES, .404&#8243;, 12 d, 90 cm"},"content":{"rendered":"<p>Le guide-cha\u00eene STIHL Rollomatic ES (STIHL Ematic Super) se compose d\u2019un corps massif et particuli\u00e8rement rigide, ainsi que d\u2019une t\u00eate de guide enti\u00e8rement rempla\u00e7able. Il est donc con\u00e7u pour r\u00e9pondre aux exigences les plus \u00e9lev\u00e9es de l\u2019usage professionnel et est principalement utilis\u00e9 pour l\u2019abattage et le tron\u00e7onnage avec des tron\u00e7onneuses de forte puissance. Des rainures obliques et de forme elliptique augmentent la vitesse d\u2019\u00e9coulement de l\u2019huile de cha\u00eene adh\u00e9sive et garantissent une lubrification optimale et une dur\u00e9e de vie prolong\u00e9e du guide-cha\u00eene.<br \/>\n795711038236   <\/p>\n<p>Pas du pignon de renvoi 10,26 mm\/.404&#8243;<br \/>\nLargeur de rainure Largeur de rainure<\/p>\n<p>Raccord du guide-cha\u00eene Raccord du guide-cha\u00eene<br \/>\nNombre de dents du pignon de renvoi 12<br \/>\nLongueur du guide-cha\u00eene 90 cm\/36&#8243;<\/p>\n","protected":false},"excerpt":{"rendered":"<p>STIHL Rollomatic ES, .404&#8243;, 12 d, 90 cm<\/p>\n","protected":false},"featured_media":429624,"template":"","meta":{"_seopress_robots_primary_cat":"","_seopress_titles_title":"","_seopress_titles_desc":"","_seopress_robots_index":""},"product_brand":[3366],"product_cat":[29,268,524],"product_tag":[3265],"class_list":{"0":"post-465119","1":"product","2":"type-product","3":"status-publish","4":"has-post-thumbnail","6":"product_brand-stihl","7":"product_cat-macchinari","8":"product_cat-motoseghe","9":"product_cat-spranghe-guida","10":"product_tag-import-stihl","11":"sws-gruppo-macchinari-fr","12":"sws-conto-ricavi-merci-rivendita-macchinari-fr","13":"sws-gruppo-iva-iva81-fr","15":"first","16":"onbackorder","17":"purchasable","18":"product-type-simple"},"_links":{"self":[{"href":"https:\/\/lucacastelli.com\/fr\/wp-json\/wp\/v2\/product\/465119","targetHints":{"allow":["GET"]}}],"collection":[{"href":"https:\/\/lucacastelli.com\/fr\/wp-json\/wp\/v2\/product"}],"about":[{"href":"https:\/\/lucacastelli.com\/fr\/wp-json\/wp\/v2\/types\/product"}],"wp:featuredmedia":[{"embeddable":true,"href":"https:\/\/lucacastelli.com\/fr\/wp-json\/wp\/v2\/media\/429624"}],"wp:attachment":[{"href":"https:\/\/lucacastelli.com\/fr\/wp-json\/wp\/v2\/media?parent=465119"}],"wp:term":[{"taxonomy":"product_brand","embeddable":true,"href":"https:\/\/lucacastelli.com\/fr\/wp-json\/wp\/v2\/product_brand?post=465119"},{"taxonomy":"product_cat","embeddable":true,"href":"https:\/\/lucacastelli.com\/fr\/wp-json\/wp\/v2\/product_cat?post=465119"},{"taxonomy":"product_tag","embeddable":true,"href":"https:\/\/lucacastelli.com\/fr\/wp-json\/wp\/v2\/product_tag?post=465119"}],"curies":[{"name":"wp","href":"https:\/\/api.w.org\/{rel}","templated":true}]}}