{"id":465041,"date":"2025-05-31T21:56:44","date_gmt":"2025-05-31T19:56:44","guid":{"rendered":"https:\/\/lucacastelli.com\/prodotto\/cable-dextension-gta-26\/"},"modified":"2025-10-12T12:55:58","modified_gmt":"2025-10-12T10:55:58","slug":"cable-dextension-gta-26","status":"publish","type":"product","link":"https:\/\/lucacastelli.com\/fr\/produit\/cable-dextension-gta-26\/","title":{"rendered":"STIHL C\u00e2ble d\u2019extension GTA 26"},"content":{"rendered":"<p>Cette rallonge permet d\u2019\u00e9tendre l\u2019\u00e9lagueur sans fil GTA 26 en un petit s\u00e9cateur \u00e0 perche, con\u00e7u pour couper les petites branches dans les zones de travail les plus hautes de l\u2019giardino.br \/br \/La fixation robuste et adh\u00e9rente assure une bonne prise en main et une bonne manipulation de la GTA 26.br \/br \/Perche ergonomique en aluminium de longueur fixe : l\u2019extension est l\u00e9g\u00e8re pour r\u00e9duire la fatigue,  Dispose d\u2019une poign\u00e9e souple pour un bon contr\u00f4le, et la courbure de l\u2019arbre permet au guide-cha\u00eene d\u2019\u00eatre align\u00e9 avec l\u2019arbre pour r\u00e9duire le basculement pendant l\u2019utilisation.\/p<br \/>\n795711864491<\/p>\n<p>Poids de l\u2019appareil 1.4<br \/>\nLongueur de l\u2019appareil Longueur de l\u2019appareil<\/p>\n","protected":false},"excerpt":{"rendered":"<p>Cette rallonge permet d\u2019\u00e9tendre l\u2019\u00e9lagueur sans fil GTA 26 en un petit s\u00e9cateur \u00e0 perche, con\u00e7u pour couper les petites<\/p>\n","protected":false},"featured_media":424636,"template":"","meta":{"_seopress_robots_primary_cat":"","_seopress_titles_title":"","_seopress_titles_desc":"","_seopress_robots_index":""},"product_brand":[3555],"product_cat":[167,1690,1604,1606],"product_tag":[3267],"class_list":{"0":"post-465041","1":"product","2":"type-product","3":"status-publish","4":"has-post-thumbnail","6":"product_brand-stihl-fr","7":"product_cat-machines","8":"product_cat-taille-haies-et-elagueurs","9":"product_cat-tronconneuses","10":"product_cat-tronconneuses-a-batterie","11":"product_tag-import-stihl-fr","12":"sws-gruppo-macchinari","13":"sws-conto-ricavi-merci-rivendita-macchinari","14":"sws-gruppo-iva-iva81","16":"first","17":"onbackorder","18":"purchasable","19":"product-type-simple"},"_links":{"self":[{"href":"https:\/\/lucacastelli.com\/fr\/wp-json\/wp\/v2\/product\/465041","targetHints":{"allow":["GET"]}}],"collection":[{"href":"https:\/\/lucacastelli.com\/fr\/wp-json\/wp\/v2\/product"}],"about":[{"href":"https:\/\/lucacastelli.com\/fr\/wp-json\/wp\/v2\/types\/product"}],"wp:featuredmedia":[{"embeddable":true,"href":"https:\/\/lucacastelli.com\/fr\/wp-json\/wp\/v2\/media\/424636"}],"wp:attachment":[{"href":"https:\/\/lucacastelli.com\/fr\/wp-json\/wp\/v2\/media?parent=465041"}],"wp:term":[{"taxonomy":"product_brand","embeddable":true,"href":"https:\/\/lucacastelli.com\/fr\/wp-json\/wp\/v2\/product_brand?post=465041"},{"taxonomy":"product_cat","embeddable":true,"href":"https:\/\/lucacastelli.com\/fr\/wp-json\/wp\/v2\/product_cat?post=465041"},{"taxonomy":"product_tag","embeddable":true,"href":"https:\/\/lucacastelli.com\/fr\/wp-json\/wp\/v2\/product_tag?post=465041"}],"curies":[{"name":"wp","href":"https:\/\/api.w.org\/{rel}","templated":true}]}}