{"id":465040,"date":"2025-05-31T22:14:26","date_gmt":"2025-05-31T20:14:26","guid":{"rendered":"https:\/\/lucacastelli.com\/prodotto\/gta-40-set-avec-2-x-as-2-et-al-5-2\/"},"modified":"2026-04-16T00:33:42","modified_gmt":"2026-04-15T22:33:42","slug":"gta-40-set-avec-2-x-as-2-et-al-5-2","status":"publish","type":"product","link":"https:\/\/lucacastelli.com\/fr\/produit\/gta-40-set-avec-2-x-as-2-et-al-5-2\/","title":{"rendered":"Set STIHL GTA 40, avec 2 x AS 2 et AL 5-2"},"content":{"rendered":"<p>pLa scie de jardin \u00e0 batterie STIHL GTA 40 est id\u00e9ale pour l\u2019entretien des arbres et du bois, pour les travaux professionnels de jardinage et d\u2019am\u00e9nagement paysager, ainsi que pour le travail du bois et de mat\u00e9riaux similaires sur les chantiers.nbsp;La STIHL GTA 40 peut \u00e9galement \u00eatre utilis\u00e9e par des arboriculteurs exp\u00e9riment\u00e9s pour effectuer des coupes dans la cime d\u2019arbres sur pied.nbsp;Qu\u2019il s\u2019agisse de l\u2019entretien des arbres dans les parcs et jardins, de corrections de cimes ou de construction de cloisons s\u00e8ches, de travaux d\u2019int\u00e9rieur ou de toiture : la GTA 40 convainc par sa structure compacte etnbsp;son faible poids.\/p<br \/>\n795711948757<\/p>\n<p>Tension nominale 22<br \/>\nPuissance absorb\u00e9e Puissance absorb\u00e9e<\/p>\n<p>Puissance Puissance<br \/>\nSyst\u00e8me \u00e0 batterie AS<br \/>\nPoids de l\u2019appareil 1,4<\/p>\n","protected":false},"excerpt":{"rendered":"<p>pLa scie de jardin \u00e0 batterie STIHL GTA 40 est id\u00e9ale pour l\u2019entretien des arbres et du bois, pour les<\/p>\n","protected":false},"featured_media":437005,"template":"","meta":{"_seopress_robots_primary_cat":"none","_seopress_titles_title":"","_seopress_titles_desc":"","_seopress_robots_index":""},"product_brand":[3366],"product_cat":[29,268,528],"product_tag":[3265],"class_list":{"0":"post-465040","1":"product","2":"type-product","3":"status-publish","4":"has-post-thumbnail","6":"product_brand-stihl","7":"product_cat-macchinari","8":"product_cat-motoseghe","9":"product_cat-motoseghe-a-batteria","10":"product_tag-import-stihl","11":"sws-gruppo-macchinari-fr","12":"sws-conto-ricavi-merci-rivendita-macchinari-fr","13":"sws-gruppo-iva-iva81-fr","15":"first","16":"onbackorder","17":"purchasable","18":"product-type-simple"},"_links":{"self":[{"href":"https:\/\/lucacastelli.com\/fr\/wp-json\/wp\/v2\/product\/465040","targetHints":{"allow":["GET"]}}],"collection":[{"href":"https:\/\/lucacastelli.com\/fr\/wp-json\/wp\/v2\/product"}],"about":[{"href":"https:\/\/lucacastelli.com\/fr\/wp-json\/wp\/v2\/types\/product"}],"wp:featuredmedia":[{"embeddable":true,"href":"https:\/\/lucacastelli.com\/fr\/wp-json\/wp\/v2\/media\/437005"}],"wp:attachment":[{"href":"https:\/\/lucacastelli.com\/fr\/wp-json\/wp\/v2\/media?parent=465040"}],"wp:term":[{"taxonomy":"product_brand","embeddable":true,"href":"https:\/\/lucacastelli.com\/fr\/wp-json\/wp\/v2\/product_brand?post=465040"},{"taxonomy":"product_cat","embeddable":true,"href":"https:\/\/lucacastelli.com\/fr\/wp-json\/wp\/v2\/product_cat?post=465040"},{"taxonomy":"product_tag","embeddable":true,"href":"https:\/\/lucacastelli.com\/fr\/wp-json\/wp\/v2\/product_tag?post=465040"}],"curies":[{"name":"wp","href":"https:\/\/api.w.org\/{rel}","templated":true}]}}