{"id":465032,"date":"2025-05-31T21:56:30","date_gmt":"2025-05-31T19:56:30","guid":{"rendered":"https:\/\/lucacastelli.com\/prodotto\/msa-80-c-b-35-cm-avec-ak-30-s-et-al-101\/"},"modified":"2025-07-20T23:56:26","modified_gmt":"2025-07-20T21:56:26","slug":"msa-80-c-b-35-cm-avec-ak-30-s-et-al-101","status":"publish","type":"product","link":"https:\/\/lucacastelli.com\/fr\/produit\/msa-80-c-b-35-cm-avec-ak-30-s-et-al-101\/","title":{"rendered":"STIHL MSA 80 C-B 35cm avec AK 30 S et AL 101"},"content":{"rendered":"<p>Puissante et polyvalente, la tron\u00e7onneuse sans fil STIHL MSA 80 C-B est id\u00e9ale pour couper avec pr\u00e9cision des branches ou des arbustes dans votre jardin ou sur votre propri\u00e9t\u00e9, ou pour abattre de petits arbres. Vous pouvez \u00e9galement l\u2019utiliser rapidement et efficacement pour des travaux d\u2019artisanat, tels que le travail du bois ou la coupe de bois de construction. Le STIHL MSA 80 C-B fonctionne avec des piles delnbsp ; strongsystem STIHL AK\/strongnbsp&nbsp;; Et il est si silencieux que vous pouvez l\u2019utiliser sans protection auditive et dans les zones sensibles au bruit.\/ppGr\u00e2ce \u00e0 la barre de coupe de 35 cm fournie en standard avec lanbsp&nbsp;; 1\/4&#8243; P Picco Micro 3 cha\u00eene\/strongnbsp&nbsp;; (PM3) et sur le guide STIHL Light 01, vous pouvez effectuer des coupes nettes et lisses de mani\u00e8re fiable. Le faible poids du syst\u00e8me et le moteur EC puissant et \u00e9conome en \u00e9nergie assurent un \u00e9quilibre optimal et la puissance n\u00e9cessaire.\/ppAvec le levier de commande avec fonction potentiom\u00e8tre, vous pouvez r\u00e9gler en permanence la vitesse de votre tron\u00e7onneuse sans fil. Une poign\u00e9e souple caoutchout\u00e9e offre une bonne prise en main, un grand confort de travail et am\u00e9liore l\u2019ergonomie. Pour une tension de cha\u00eene simple et s\u00fbre sans outils, la tron\u00e7onneuse sans fil MSA 80 C-B est \u00e9quip\u00e9e du syst\u00e8me STIHL dinbsp ; Tension de cha\u00eene forte. Le frein de cha\u00eene suppl\u00e9mentaire QuickStop Super augmente votre s\u00e9curit\u00e9, car la cha\u00eene s\u2019arr\u00eate imm\u00e9diatement d\u00e8s que vous rel\u00e2chez la poign\u00e9e arri\u00e8re. Gr\u00e2ce au r\u00e9servoir d\u2019huile transparent, vous pouvez v\u00e9rifier le niveau d\u2019huile \u00e0 tout moment.<br \/>\n886661684083<\/p>\n<p>Tension nominale 36<br \/>\nConsommation \u00e9lectrique Consommation \u00e9lectrique<\/p>\n<p>Alimentation Syst\u00e8me<br \/>\nde batterie AK<br \/>\nBatterie recommand\u00e9e AK 30 S<\/p>\n<p>&nbsp;<\/p>\n<p>DONN\u00c9ES TECHNIQUES<\/p>\n<table data-test-id=\"pdp-spec-tech-table\">\n<tbody>\n<tr>\n<td>Tension nominale<\/td>\n<td>36 V<\/td>\n<\/tr>\n<tr>\n<td>Entr\u00e9e<\/td>\n<td>1,5 kW<\/td>\n<\/tr>\n<tr>\n<td>Pouvoir<\/td>\n<td>1,2 kW <sup>1<!-- -->)<\/sup><\/td>\n<\/tr>\n<tr>\nSyst\u00e8me <\/p>\n<td>de batterie<\/td>\n<td>AK<\/td>\n<\/tr>\n<tr>\n<td>Batterie recommand\u00e9e<\/td>\n<td>AK 30 S<\/td>\n<\/tr>\n<tr>\n<td>Poids de l\u2019appareil sans batterie<\/td>\n<td>2,9 kg <sup>2)<\/sup><\/td>\n<\/tr>\n<tr>\n<td>Longueur de la<\/td>\n<p> barre<\/p>\n<td>35 cm <sup>3)<\/sup><\/td>\n<\/tr>\n<tr>\n<td>Pas de cha\u00eene<\/td>\n<td>1\/4&#8243;P<\/td>\n<\/tr>\n<tr>\n<td>Indice IP<\/td>\n<td>N\/A<\/td>\n<\/tr>\n<tr>\n<td>Dur\u00e9e de fonctionnement maximale de la batterie AK 30 S<\/td>\n<td>35 min <sup>4)<\/sup><\/td>\n<\/tr>\n<tr>\n<td>Longueur de l\u2019appareil avec but\u00e9e de griffe<\/td>\n<td>459 mm <sup>2)<\/sup><\/td>\n<\/tr>\n<tr>\nNiveau <\/p>\n<td>de pression acoustique<\/td>\n<td>85 dB(A) <sup>5)<\/sup><\/td>\n<\/tr>\n<tr>\nNiveau <\/p>\n<td>de puissance<\/td>\n<p> acoustique<\/p>\n<td>93 dB(A) <sup>5)<\/sup><\/td>\n<\/tr>\n<tr>\n<td>Valeur de vibration gauche\/droite<\/td>\n<td>4,6\/3,9 m\/s\u00b2 <sup>6)<\/sup><\/td>\n<\/tr>\n<\/tbody>\n<\/table>\n","protected":false},"excerpt":{"rendered":"<p>Puissante et polyvalente, la tron\u00e7onneuse sans fil STIHL MSA 80 C-B est id\u00e9ale pour couper avec pr\u00e9cision des branches ou<\/p>\n","protected":false},"featured_media":424609,"template":"","meta":{"_seopress_robots_primary_cat":"none","_seopress_titles_title":"","_seopress_titles_desc":"","_seopress_robots_index":""},"product_brand":[3366],"product_cat":[29,268,528],"product_tag":[3265],"class_list":{"0":"post-465032","1":"product","2":"type-product","3":"status-publish","4":"has-post-thumbnail","6":"product_brand-stihl","7":"product_cat-macchinari","8":"product_cat-motoseghe","9":"product_cat-motoseghe-a-batteria","10":"product_tag-import-stihl","11":"sws-gruppo-macchinari","12":"sws-conto-ricavi-merci-rivendita-macchinari","13":"sws-gruppo-iva-iva81","15":"first","16":"onbackorder","17":"purchasable","18":"product-type-simple"},"_links":{"self":[{"href":"https:\/\/lucacastelli.com\/fr\/wp-json\/wp\/v2\/product\/465032","targetHints":{"allow":["GET"]}}],"collection":[{"href":"https:\/\/lucacastelli.com\/fr\/wp-json\/wp\/v2\/product"}],"about":[{"href":"https:\/\/lucacastelli.com\/fr\/wp-json\/wp\/v2\/types\/product"}],"wp:featuredmedia":[{"embeddable":true,"href":"https:\/\/lucacastelli.com\/fr\/wp-json\/wp\/v2\/media\/424609"}],"wp:attachment":[{"href":"https:\/\/lucacastelli.com\/fr\/wp-json\/wp\/v2\/media?parent=465032"}],"wp:term":[{"taxonomy":"product_brand","embeddable":true,"href":"https:\/\/lucacastelli.com\/fr\/wp-json\/wp\/v2\/product_brand?post=465032"},{"taxonomy":"product_cat","embeddable":true,"href":"https:\/\/lucacastelli.com\/fr\/wp-json\/wp\/v2\/product_cat?post=465032"},{"taxonomy":"product_tag","embeddable":true,"href":"https:\/\/lucacastelli.com\/fr\/wp-json\/wp\/v2\/product_tag?post=465032"}],"curies":[{"name":"wp","href":"https:\/\/api.w.org\/{rel}","templated":true}]}}