{"id":465027,"date":"2025-06-01T00:05:18","date_gmt":"2025-05-31T22:05:18","guid":{"rendered":"https:\/\/lucacastelli.com\/prodotto\/stihl-duromatic-e-53cm\/"},"modified":"2025-06-01T00:05:18","modified_gmt":"2025-05-31T22:05:18","slug":"stihl-duromatic-e-53cm","status":"publish","type":"product","link":"https:\/\/lucacastelli.com\/fr\/produit\/stihl-duromatic-e-53cm\/","title":{"rendered":"STIHL Duromatic E, 53cm"},"content":{"rendered":"<p>Barre int\u00e9grale tr\u00e8s robuste sans \u00e9toile de renvoi, pour tron\u00e7onneuses de moyenne et haute puissance. Utilisations principales&nbsp;: nbsp&nbsp;; travaux forestiers, de construction et d\u2019urgence. Pour le bois dur, la terre ou la cr\u00e8me glac\u00e9e et pour les b\u00fbches de grand diam\u00e8tre. Barre d\u2019acier solide, extr\u00eamement r\u00e9sistante. La pointe de la barre est recouverte de carbure.<br \/>\n795711038120    <\/p>\n<p>Largeur de la rainure 1,6 mm\/.063 &#8221;<br \/>\nConnexion de la barre de guidage Connexion de la barre de guidage<\/p>\n<p>Longueur de la barre Longueur de la barre<\/p>\n","protected":false},"excerpt":{"rendered":"<p>STIHL Duromatic E, 53cm<\/p>\n","protected":false},"featured_media":429608,"template":"","meta":{"_seopress_robots_primary_cat":"","_seopress_titles_title":"","_seopress_titles_desc":"","_seopress_robots_index":""},"product_brand":[3366],"product_cat":[29,268,524],"product_tag":[3265],"class_list":{"0":"post-465027","1":"product","2":"type-product","3":"status-publish","4":"has-post-thumbnail","6":"product_brand-stihl","7":"product_cat-macchinari","8":"product_cat-motoseghe","9":"product_cat-spranghe-guida","10":"product_tag-import-stihl","11":"sws-gruppo-macchinari-fr","12":"sws-conto-ricavi-merci-rivendita-macchinari-fr","13":"sws-gruppo-iva-iva81-fr","15":"first","16":"onbackorder","17":"purchasable","18":"product-type-simple"},"_links":{"self":[{"href":"https:\/\/lucacastelli.com\/fr\/wp-json\/wp\/v2\/product\/465027","targetHints":{"allow":["GET"]}}],"collection":[{"href":"https:\/\/lucacastelli.com\/fr\/wp-json\/wp\/v2\/product"}],"about":[{"href":"https:\/\/lucacastelli.com\/fr\/wp-json\/wp\/v2\/types\/product"}],"wp:featuredmedia":[{"embeddable":true,"href":"https:\/\/lucacastelli.com\/fr\/wp-json\/wp\/v2\/media\/429608"}],"wp:attachment":[{"href":"https:\/\/lucacastelli.com\/fr\/wp-json\/wp\/v2\/media?parent=465027"}],"wp:term":[{"taxonomy":"product_brand","embeddable":true,"href":"https:\/\/lucacastelli.com\/fr\/wp-json\/wp\/v2\/product_brand?post=465027"},{"taxonomy":"product_cat","embeddable":true,"href":"https:\/\/lucacastelli.com\/fr\/wp-json\/wp\/v2\/product_cat?post=465027"},{"taxonomy":"product_tag","embeddable":true,"href":"https:\/\/lucacastelli.com\/fr\/wp-json\/wp\/v2\/product_tag?post=465027"}],"curies":[{"name":"wp","href":"https:\/\/api.w.org\/{rel}","templated":true}]}}