{"id":465022,"date":"2025-06-01T00:05:42","date_gmt":"2025-05-31T22:05:42","guid":{"rendered":"https:\/\/lucacastelli.com\/prodotto\/stihl-rollomatic-es-404-12-d-63cm\/"},"modified":"2025-06-01T00:05:42","modified_gmt":"2025-05-31T22:05:42","slug":"stihl-rollomatic-es-404-12-d-63cm","status":"publish","type":"product","link":"https:\/\/lucacastelli.com\/fr\/produit\/stihl-rollomatic-es-404-12-d-63cm\/","title":{"rendered":"STIHL Rollomatic ES, .404&#8243;, 12 d, 63cm"},"content":{"rendered":"<p>Le guidon STIHL Rollomatic ES (STIHL Ematic Super) se compose d\u2019un corps solide, particuli\u00e8rement rigide, ainsi que d\u2019une t\u00eate enti\u00e8rement interchangeable. Il est donc adapt\u00e9 aux exigences les plus \u00e9lev\u00e9es d\u2019un usage professionnel et est principalement utilis\u00e9 pour l\u2019abattage et la coupe \u00e0 longueur sur des tron\u00e7onneuses haute performance. Des rainures obliques et de forme elliptique augmentent la vitesse d\u00e9coulement de lhuile de cha\u00eene adh\u00e9sive et garantissent une lubrification optimale et une dur\u00e9e de vie prolong\u00e9e du guide-cha\u00eenes. Les trous d\u2019huile elliptiques inclin\u00e9s augmentent la vitesse d\u2019\u00e9coulement de l\u2019huile de cha\u00eene et assurent une capacit\u00e9 de lubrification optimale et une dur\u00e9e de vie plus longue de la barre.<br \/>\n795711038205   <\/p>\n<p>Pas de l\u2019\u00e9toile de renvoi&nbsp;: 10,26 mm\/.404 &#8221;<br \/>\nLargeur de la rainure&nbsp;: Largeur de la rainure&nbsp;:<\/p>\n<p>Raccordement du guide-cha\u00eene Raccordement du<br \/>\nguide-cha\u00eene Nombre de renvoi 12<br \/>\nLongueur de la barre 63cm\/25&#8243;<\/p>\n","protected":false},"excerpt":{"rendered":"<p>STIHL Rollomatic ES, .404&#8243;, 12 d, 63cm<\/p>\n","protected":false},"featured_media":429622,"template":"","meta":{"_seopress_robots_primary_cat":"","_seopress_titles_title":"","_seopress_titles_desc":"","_seopress_robots_index":""},"product_brand":[3366],"product_cat":[29,268,524],"product_tag":[3265],"class_list":{"0":"post-465022","1":"product","2":"type-product","3":"status-publish","4":"has-post-thumbnail","6":"product_brand-stihl","7":"product_cat-macchinari","8":"product_cat-motoseghe","9":"product_cat-spranghe-guida","10":"product_tag-import-stihl","11":"sws-gruppo-macchinari-fr","12":"sws-conto-ricavi-merci-rivendita-macchinari-fr","13":"sws-gruppo-iva-iva81-fr","15":"first","16":"onbackorder","17":"purchasable","18":"product-type-simple"},"_links":{"self":[{"href":"https:\/\/lucacastelli.com\/fr\/wp-json\/wp\/v2\/product\/465022","targetHints":{"allow":["GET"]}}],"collection":[{"href":"https:\/\/lucacastelli.com\/fr\/wp-json\/wp\/v2\/product"}],"about":[{"href":"https:\/\/lucacastelli.com\/fr\/wp-json\/wp\/v2\/types\/product"}],"wp:featuredmedia":[{"embeddable":true,"href":"https:\/\/lucacastelli.com\/fr\/wp-json\/wp\/v2\/media\/429622"}],"wp:attachment":[{"href":"https:\/\/lucacastelli.com\/fr\/wp-json\/wp\/v2\/media?parent=465022"}],"wp:term":[{"taxonomy":"product_brand","embeddable":true,"href":"https:\/\/lucacastelli.com\/fr\/wp-json\/wp\/v2\/product_brand?post=465022"},{"taxonomy":"product_cat","embeddable":true,"href":"https:\/\/lucacastelli.com\/fr\/wp-json\/wp\/v2\/product_cat?post=465022"},{"taxonomy":"product_tag","embeddable":true,"href":"https:\/\/lucacastelli.com\/fr\/wp-json\/wp\/v2\/product_tag?post=465022"}],"curies":[{"name":"wp","href":"https:\/\/api.w.org\/{rel}","templated":true}]}}