{"id":465019,"date":"2025-06-01T00:04:24","date_gmt":"2025-05-31T22:04:24","guid":{"rendered":"https:\/\/lucacastelli.com\/prodotto\/msa-161-t-25cm-sans-batterie-ni-chargeur\/"},"modified":"2026-02-02T21:20:12","modified_gmt":"2026-02-02T20:20:12","slug":"msa-161-t-25cm-sans-batterie-ni-chargeur","status":"publish","type":"product","link":"https:\/\/lucacastelli.com\/fr\/produit\/msa-161-t-25cm-sans-batterie-ni-chargeur\/","title":{"rendered":"STIHL MSA 161 T, 25cm, sans batterie ni chargeur"},"content":{"rendered":"<p>Parmi les professionnels de l\u2019\u00e9lagage, cette tron\u00e7onneuse l\u00e9g\u00e8re \u00e0 poign\u00e9e sup\u00e9rieure est tr\u00e8s appr\u00e9ci\u00e9e pour son poids de seulement 2,5 kg (sans batterie) et la puissance de son moteur. Gr\u00e2ce \u00e0 la vitesse \u00e9lev\u00e9e de la cha\u00eene de 16 m\/s, \u00e0 une forte acc\u00e9l\u00e9ration et \u00e0 une vitesse maximale ; STIHL 1\/4&#8221;-PM3\/cha\u00eene solide, vous pouvez faire des coupes fines et tr\u00e8s pr\u00e9cises. Un autre avantage de la tron\u00e7onneuse sans fil STIHL MSA 161 T est qu\u2019elle peut \u00e9galement \u00eatre utilis\u00e9e dans les zones sensibles au bruit, telles que les zones r\u00e9sidentielles, les \u00e9coles ou les h\u00f4pitaux. De plus, la communication entre l\u2019op\u00e9rateur et les pr\u00e9pos\u00e9s au sol est facilit\u00e9e, car il n\u2019est pas n\u00e9cessaire de porter des protections auditives.\/ppLa cha\u00eene de la tron\u00e7onneuse sans fil STIHL MSA 161 T peut \u00eatre tendue sur le c\u00f4t\u00e9 facilement et en toute s\u00e9curit\u00e9, sans entrer en contact avec la cha\u00eene elle-m\u00eame. Le syst\u00e8me de freinage STIHL QuickStop Super offre une s\u00e9curit\u00e9 suppl\u00e9mentaire : la cha\u00eene s\u2019arr\u00eate en quelques secondes non seulement en cas de rebond, mais aussi lorsque la poign\u00e9e arri\u00e8re est rel\u00e2ch\u00e9e. De plus, vous pouvez activer ou d\u00e9sactiver le frein de cha\u00eene via le prot\u00e8ge-main, qui se verrouille de mani\u00e8re audible.\/ppTous les appareils fonctionnant sur batterie delnbsp&nbsp;; strongsystem STIHL AP\/strongnbsp&nbsp;; Ils sont con\u00e7us pour les utilisateurs professionnels et pour un usage quotidien, m\u00eame dans des conditions m\u00e9t\u00e9orologiques d\u00e9favorables. Pour cette raison, ils ont test\u00e9 la protection contre les \u00e9claboussures. L\u2019efficacit\u00e9 est prouv\u00e9e par des tests internes rigoureux. Le test d\u2019\u00e9claboussures d\u2019eau est bas\u00e9, entre autres, sur la norme IPX4.\/ppstrongWARNING\/strong : Cette tron\u00e7onneuse sp\u00e9ciale est destin\u00e9e uniquement aux utilisateurs form\u00e9s \u00e0 l\u2019entretien des arbres. Une utilisation sans formation appropri\u00e9e peut entra\u00eener des blessures graves.<br \/>\n886661774678<\/p>\n<p>Tension nominale 36<br \/>\nConsommation \u00e9lectrique Consommation \u00e9lectrique<\/p>\n<p>Alimentation Alimentation<br \/>\nSyst\u00e8me de batterie AP<br \/>\nBatterie recommand\u00e9e AP 200, AP 300<\/p>\n","protected":false},"excerpt":{"rendered":"<p>MSA 161 T, 25cm, sans batterie ni chargeur<\/p>\n","protected":false},"featured_media":429577,"template":"","meta":{"_seopress_robots_primary_cat":"","_seopress_titles_title":"","_seopress_titles_desc":"","_seopress_robots_index":""},"product_brand":[3366],"product_cat":[29,268,528],"product_tag":[3265],"class_list":{"0":"post-465019","1":"product","2":"type-product","3":"status-publish","4":"has-post-thumbnail","6":"product_brand-stihl","7":"product_cat-macchinari","8":"product_cat-motoseghe","9":"product_cat-motoseghe-a-batteria","10":"product_tag-import-stihl","11":"sws-gruppo-macchinari-fr","12":"sws-conto-ricavi-merci-rivendita-macchinari-fr","13":"sws-gruppo-iva-iva81-fr","15":"first","16":"onbackorder","17":"purchasable","18":"product-type-simple"},"_links":{"self":[{"href":"https:\/\/lucacastelli.com\/fr\/wp-json\/wp\/v2\/product\/465019","targetHints":{"allow":["GET"]}}],"collection":[{"href":"https:\/\/lucacastelli.com\/fr\/wp-json\/wp\/v2\/product"}],"about":[{"href":"https:\/\/lucacastelli.com\/fr\/wp-json\/wp\/v2\/types\/product"}],"wp:featuredmedia":[{"embeddable":true,"href":"https:\/\/lucacastelli.com\/fr\/wp-json\/wp\/v2\/media\/429577"}],"wp:attachment":[{"href":"https:\/\/lucacastelli.com\/fr\/wp-json\/wp\/v2\/media?parent=465019"}],"wp:term":[{"taxonomy":"product_brand","embeddable":true,"href":"https:\/\/lucacastelli.com\/fr\/wp-json\/wp\/v2\/product_brand?post=465019"},{"taxonomy":"product_cat","embeddable":true,"href":"https:\/\/lucacastelli.com\/fr\/wp-json\/wp\/v2\/product_cat?post=465019"},{"taxonomy":"product_tag","embeddable":true,"href":"https:\/\/lucacastelli.com\/fr\/wp-json\/wp\/v2\/product_tag?post=465019"}],"curies":[{"name":"wp","href":"https:\/\/api.w.org\/{rel}","templated":true}]}}