{"id":465013,"date":"2025-06-01T00:04:07","date_gmt":"2025-05-31T22:04:07","guid":{"rendered":"https:\/\/lucacastelli.com\/prodotto\/rollomatic-e-mini-light-25-cm-11-3-8-peak\/"},"modified":"2025-06-28T19:44:37","modified_gmt":"2025-06-28T17:44:37","slug":"rollomatic-e-mini-light-25-cm-11-3-8-peak","status":"publish","type":"product","link":"https:\/\/lucacastelli.com\/fr\/produit\/rollomatic-e-mini-light-25-cm-11-3-8-peak\/","title":{"rendered":"STIHL Rollomatic E Mini Light, 25 cm 1,1 3\/8&#8243; Peak"},"content":{"rendered":"<p>Barre l\u00e9g\u00e8re pour tron\u00e7onneuses et s\u00e9cateurs l\u00e9gers. Par rapport aux barres conventionnelles du m\u00eame type, elle offre une r\u00e9duction de poids avantageuse allant jusqu\u2019\u00e0 25&nbsp;% (avec une longueur de 35 cm). Pour faciliter le travail avec les s\u00e9cateurs ou la r\u00e9colte du bois tendre. Disponible en longueurs de 25, 30 et 35 cm.<br \/>\n795711380106   <\/p>\n<p>Pas de l\u2019\u00e9toile de renvoi&nbsp;: 9.32mm\/3\/8&#8243;P<br \/>\nLargeur de la rainure Largeur de la rainure<\/p>\n<p>Connexion de la barre de guidage Connexion de la barre de guidage<br \/>\nNum\u00e9ro de renvoi&nbsp;: 7<br \/>\nLongueur de la barre 25cm\/10&#8243;<\/p>\n","protected":false},"excerpt":{"rendered":"<p>Rollomatic E Mini Light, 25 cm 1,1 3\/8&#8243; Peak<\/p>\n","protected":false},"featured_media":429536,"template":"","meta":{"_seopress_robots_primary_cat":"","_seopress_titles_title":"","_seopress_titles_desc":"","_seopress_robots_index":""},"product_brand":[3555],"product_cat":[1622,167,1604],"product_tag":[3267],"class_list":{"0":"post-465013","1":"product","2":"type-product","3":"status-publish","4":"has-post-thumbnail","6":"product_brand-stihl-fr","7":"product_cat-guides-chaine","8":"product_cat-machines","9":"product_cat-tronconneuses","10":"product_tag-import-stihl-fr","11":"sws-gruppo-macchinari-fr","12":"sws-conto-ricavi-merci-rivendita-macchinari-fr","13":"sws-gruppo-iva-iva81-fr","15":"first","16":"onbackorder","17":"purchasable","18":"product-type-simple"},"_links":{"self":[{"href":"https:\/\/lucacastelli.com\/fr\/wp-json\/wp\/v2\/product\/465013","targetHints":{"allow":["GET"]}}],"collection":[{"href":"https:\/\/lucacastelli.com\/fr\/wp-json\/wp\/v2\/product"}],"about":[{"href":"https:\/\/lucacastelli.com\/fr\/wp-json\/wp\/v2\/types\/product"}],"wp:featuredmedia":[{"embeddable":true,"href":"https:\/\/lucacastelli.com\/fr\/wp-json\/wp\/v2\/media\/429536"}],"wp:attachment":[{"href":"https:\/\/lucacastelli.com\/fr\/wp-json\/wp\/v2\/media?parent=465013"}],"wp:term":[{"taxonomy":"product_brand","embeddable":true,"href":"https:\/\/lucacastelli.com\/fr\/wp-json\/wp\/v2\/product_brand?post=465013"},{"taxonomy":"product_cat","embeddable":true,"href":"https:\/\/lucacastelli.com\/fr\/wp-json\/wp\/v2\/product_cat?post=465013"},{"taxonomy":"product_tag","embeddable":true,"href":"https:\/\/lucacastelli.com\/fr\/wp-json\/wp\/v2\/product_tag?post=465013"}],"curies":[{"name":"wp","href":"https:\/\/api.w.org\/{rel}","templated":true}]}}