{"id":465004,"date":"2025-06-01T00:03:34","date_gmt":"2025-05-31T22:03:34","guid":{"rendered":"https:\/\/lucacastelli.com\/prodotto\/rollomatic-e-mini-1-4-d-30-cm\/"},"modified":"2025-06-28T19:44:24","modified_gmt":"2025-06-28T17:44:24","slug":"rollomatic-e-mini-1-4-d-30-cm","status":"publish","type":"product","link":"https:\/\/lucacastelli.com\/fr\/produit\/rollomatic-e-mini-1-4-d-30-cm\/","title":{"rendered":"STIHL Rollomatic E Mini, 1\/4&#8243; D, 30 cm"},"content":{"rendered":"<p>La combinaison de cette barre particuli\u00e8rement fine avec la cha\u00eene 3\/8&nbsp;\u00bb Picco Micro Mini Comfort 3 ou la cha\u00eene 1\/4&nbsp;\u00bb Picco Micro Comfort 3 pour le MSA, permet une r\u00e9duction de poids significative combin\u00e9e \u00e0 une capacit\u00e9 de coupe accrue. Comme toutes les barres STIHL , cette version est \u00e9galement fabriqu\u00e9e en acier inoxydable au chrome-molybd\u00e8ne.<br \/>\n795711909765 <\/p>\n<p>Pas de starlette folle 6,35 mm\/1\/4 &#8220;P<br \/>\nLargeur de la rainure Largeur de la rainure<\/p>\n<p>Connexion de la barre de guidage Connexion de la barre de guidage<br \/>\nNombre de roues folles 8<br \/>\nLongueur de la barre 30cm\/12&#8221;<\/p>\n","protected":false},"excerpt":{"rendered":"<p>Rollomatic E Mini, 1\/4&#8243; D, 30 cm<\/p>\n","protected":false},"featured_media":429552,"template":"","meta":{"_seopress_robots_primary_cat":"","_seopress_titles_title":"","_seopress_titles_desc":"","_seopress_robots_index":""},"product_brand":[3366],"product_cat":[29,268,524],"product_tag":[3265],"class_list":{"0":"post-465004","1":"product","2":"type-product","3":"status-publish","4":"has-post-thumbnail","6":"product_brand-stihl","7":"product_cat-macchinari","8":"product_cat-motoseghe","9":"product_cat-spranghe-guida","10":"product_tag-import-stihl","11":"sws-gruppo-macchinari-fr","12":"sws-conto-ricavi-merci-rivendita-macchinari-fr","13":"sws-gruppo-iva-iva81-fr","15":"first","16":"onbackorder","17":"purchasable","18":"product-type-simple"},"_links":{"self":[{"href":"https:\/\/lucacastelli.com\/fr\/wp-json\/wp\/v2\/product\/465004","targetHints":{"allow":["GET"]}}],"collection":[{"href":"https:\/\/lucacastelli.com\/fr\/wp-json\/wp\/v2\/product"}],"about":[{"href":"https:\/\/lucacastelli.com\/fr\/wp-json\/wp\/v2\/types\/product"}],"wp:featuredmedia":[{"embeddable":true,"href":"https:\/\/lucacastelli.com\/fr\/wp-json\/wp\/v2\/media\/429552"}],"wp:attachment":[{"href":"https:\/\/lucacastelli.com\/fr\/wp-json\/wp\/v2\/media?parent=465004"}],"wp:term":[{"taxonomy":"product_brand","embeddable":true,"href":"https:\/\/lucacastelli.com\/fr\/wp-json\/wp\/v2\/product_brand?post=465004"},{"taxonomy":"product_cat","embeddable":true,"href":"https:\/\/lucacastelli.com\/fr\/wp-json\/wp\/v2\/product_cat?post=465004"},{"taxonomy":"product_tag","embeddable":true,"href":"https:\/\/lucacastelli.com\/fr\/wp-json\/wp\/v2\/product_tag?post=465004"}],"curies":[{"name":"wp","href":"https:\/\/api.w.org\/{rel}","templated":true}]}}