{"id":464991,"date":"2025-05-31T23:59:54","date_gmt":"2025-05-31T21:59:54","guid":{"rendered":"https:\/\/lucacastelli.com\/prodotto\/rollomatic-e-mini-35-cm\/"},"modified":"2025-06-28T19:44:03","modified_gmt":"2025-06-28T17:44:03","slug":"rollomatic-e-mini-35-cm","status":"publish","type":"product","link":"https:\/\/lucacastelli.com\/fr\/produit\/rollomatic-e-mini-35-cm\/","title":{"rendered":"STIHL Rollomatic E Mini, 35 cm"},"content":{"rendered":"<p>pSpranga guide particuli\u00e8rement fin et donc l\u00e9ger avec d\u2019excellentes performances de coupe et une tendance au rebond r\u00e9duite. Principales utilisations : amateurs et utilisateurs occasionnels. Id\u00e9al en combinaison avec la cha\u00eene \u00e0 petits maillons Picco-Mini. Corps de la barre en acier au chrome-molybd\u00e8ne comme toutes les barres de guidage STIHL.\/p<br \/>\n795711122096<\/p>\n<p>Pas de l\u2019\u00e9toile du tendeur 9,32 mm\/3\/8 \u00ab&nbsp;P<br \/>\nLargeur de la rainure Largeur de la rainure<\/p>\n<p>Connexion de la barre de guidage Connexion de la barre de guidage Connexion de la barre de guidage Num\u00e9ro d\u2019\u00e9toile<br \/>\ndu guide 7<br \/>\nLongueur de la barre 35 cm\/14&nbsp;\u00bb<\/p>\n","protected":false},"excerpt":{"rendered":"<p>Rollomatic E Mini, 35 cm<\/p>\n","protected":false},"featured_media":429478,"template":"","meta":{"_seopress_robots_primary_cat":"","_seopress_titles_title":"","_seopress_titles_desc":"","_seopress_robots_index":""},"product_brand":[3366],"product_cat":[29,268,524],"product_tag":[3265],"class_list":{"0":"post-464991","1":"product","2":"type-product","3":"status-publish","4":"has-post-thumbnail","6":"product_brand-stihl","7":"product_cat-macchinari","8":"product_cat-motoseghe","9":"product_cat-spranghe-guida","10":"product_tag-import-stihl","11":"sws-gruppo-macchinari-fr","12":"sws-conto-ricavi-merci-rivendita-macchinari-fr","13":"sws-gruppo-iva-iva81-fr","15":"first","16":"onbackorder","17":"purchasable","18":"product-type-simple"},"_links":{"self":[{"href":"https:\/\/lucacastelli.com\/fr\/wp-json\/wp\/v2\/product\/464991","targetHints":{"allow":["GET"]}}],"collection":[{"href":"https:\/\/lucacastelli.com\/fr\/wp-json\/wp\/v2\/product"}],"about":[{"href":"https:\/\/lucacastelli.com\/fr\/wp-json\/wp\/v2\/types\/product"}],"wp:featuredmedia":[{"embeddable":true,"href":"https:\/\/lucacastelli.com\/fr\/wp-json\/wp\/v2\/media\/429478"}],"wp:attachment":[{"href":"https:\/\/lucacastelli.com\/fr\/wp-json\/wp\/v2\/media?parent=464991"}],"wp:term":[{"taxonomy":"product_brand","embeddable":true,"href":"https:\/\/lucacastelli.com\/fr\/wp-json\/wp\/v2\/product_brand?post=464991"},{"taxonomy":"product_cat","embeddable":true,"href":"https:\/\/lucacastelli.com\/fr\/wp-json\/wp\/v2\/product_cat?post=464991"},{"taxonomy":"product_tag","embeddable":true,"href":"https:\/\/lucacastelli.com\/fr\/wp-json\/wp\/v2\/product_tag?post=464991"}],"curies":[{"name":"wp","href":"https:\/\/api.w.org\/{rel}","templated":true}]}}