{"id":464988,"date":"2025-05-31T23:59:00","date_gmt":"2025-05-31T21:59:00","guid":{"rendered":"https:\/\/lucacastelli.com\/prodotto\/sculpture-1-4p-30-cm-1-1\/"},"modified":"2025-06-28T19:43:56","modified_gmt":"2025-06-28T17:43:56","slug":"sculpture-1-4p-30-cm-1-1","status":"publish","type":"product","link":"https:\/\/lucacastelli.com\/fr\/produit\/sculpture-1-4p-30-cm-1-1\/","title":{"rendered":"STIHL Sculpture 1\/4&#8243;P 30 cm, 1.1"},"content":{"rendered":"<p>Barre de sculpture \u00e0 trois plaques avec pointe en stellite robuste et longueur de coupe de 30 cm. Id\u00e9al pour les sculpteurs, les \u00e9lagueurs et les \u00e9lagueurs, pour couper de tr\u00e8s petits rayons avec la pointe de la barre. Faible tendance au rebond. L\u00e9ger et durable. Les encoches de r\u00e9f\u00e9rence sur la barre permettent de positionner la m\u00e8che avec une pr\u00e9cision maximale lors de la coupe.<br \/>\n795711933937    <\/p>\n<p>Pas de starlette folle 6,35 mm\/1\/4 &#8220;P<br \/>\nLargeur de la rainure Largeur de la rainure<\/p>\n<p>Barre de guidage Longueur de la barre<br \/>\nde connexion 30cm\/12&#8221;<br \/>\n \u00c9paisseur de la barre 0,271<\/p>\n","protected":false},"excerpt":{"rendered":"<p>Sculpture 1\/4&#8243;P 30 cm, 1.1<\/p>\n","protected":false},"featured_media":429472,"template":"","meta":{"_seopress_robots_primary_cat":"","_seopress_titles_title":"","_seopress_titles_desc":"","_seopress_robots_index":""},"product_brand":[3366],"product_cat":[29,268,524],"product_tag":[3265],"class_list":{"0":"post-464988","1":"product","2":"type-product","3":"status-publish","4":"has-post-thumbnail","6":"product_brand-stihl","7":"product_cat-macchinari","8":"product_cat-motoseghe","9":"product_cat-spranghe-guida","10":"product_tag-import-stihl","11":"sws-gruppo-macchinari-fr","12":"sws-conto-ricavi-merci-rivendita-macchinari-fr","13":"sws-gruppo-iva-iva81-fr","15":"first","16":"onbackorder","17":"purchasable","18":"product-type-simple"},"_links":{"self":[{"href":"https:\/\/lucacastelli.com\/fr\/wp-json\/wp\/v2\/product\/464988","targetHints":{"allow":["GET"]}}],"collection":[{"href":"https:\/\/lucacastelli.com\/fr\/wp-json\/wp\/v2\/product"}],"about":[{"href":"https:\/\/lucacastelli.com\/fr\/wp-json\/wp\/v2\/types\/product"}],"wp:featuredmedia":[{"embeddable":true,"href":"https:\/\/lucacastelli.com\/fr\/wp-json\/wp\/v2\/media\/429472"}],"wp:attachment":[{"href":"https:\/\/lucacastelli.com\/fr\/wp-json\/wp\/v2\/media?parent=464988"}],"wp:term":[{"taxonomy":"product_brand","embeddable":true,"href":"https:\/\/lucacastelli.com\/fr\/wp-json\/wp\/v2\/product_brand?post=464988"},{"taxonomy":"product_cat","embeddable":true,"href":"https:\/\/lucacastelli.com\/fr\/wp-json\/wp\/v2\/product_cat?post=464988"},{"taxonomy":"product_tag","embeddable":true,"href":"https:\/\/lucacastelli.com\/fr\/wp-json\/wp\/v2\/product_tag?post=464988"}],"curies":[{"name":"wp","href":"https:\/\/api.w.org\/{rel}","templated":true}]}}