{"id":464985,"date":"2025-05-31T23:59:38","date_gmt":"2025-05-31T21:59:38","guid":{"rendered":"https:\/\/lucacastelli.com\/prodotto\/rollomatic-e-mini-30-cm\/"},"modified":"2026-03-09T00:37:11","modified_gmt":"2026-03-08T23:37:11","slug":"rollomatic-e-mini-30-cm","status":"publish","type":"product","link":"https:\/\/lucacastelli.com\/fr\/produit\/rollomatic-e-mini-30-cm\/","title":{"rendered":"STIHL Rollomatic E Mini, 30 cm"},"content":{"rendered":"<p>pGuide-cha\u00eene particuli\u00e8rement fine et donc l\u00e9g\u00e8re avec un excellent rendement de coupe et une tendance r\u00e9duite au rebond. Utilisations principales : amateurs et utilisateurs occasionnels. Id\u00e9ale en combinaison avec la cha\u00eene Picco-Mini \u00e0 petit maillon. Corps de guide en acier chrome-molybd\u00e8ne comme tous les guide-cha\u00eenes STIHL.\/p<br \/>\n795711122089<\/p>\n<p>Pas du pignon de renvoi 9,32 mm\/3\/8&#8243; P<br \/>\nLargeur de la rainure Largeur de la rainure<\/p>\n<p>Raccordement du guide-cha\u00eene Raccordement du guide-cha\u00eene<br \/>\nNombre de dents du pignon de renvoi 7<br \/>\nLongueur du guide 30 cm\/12&#8243;<\/p>\n","protected":false},"excerpt":{"rendered":"<p>Rollomatic E Mini, 30 cm<\/p>\n","protected":false},"featured_media":429478,"template":"","meta":{"_seopress_robots_primary_cat":"none","_seopress_titles_title":"","_seopress_titles_desc":"","_seopress_robots_index":""},"product_brand":[3366],"product_cat":[29,268,524],"product_tag":[3265],"class_list":{"0":"post-464985","1":"product","2":"type-product","3":"status-publish","4":"has-post-thumbnail","6":"product_brand-stihl","7":"product_cat-macchinari","8":"product_cat-motoseghe","9":"product_cat-spranghe-guida","10":"product_tag-import-stihl","11":"sws-gruppo-macchinari-fr","12":"sws-conto-ricavi-merci-rivendita-macchinari-fr","13":"sws-gruppo-iva-iva81-fr","15":"first","16":"onbackorder","17":"purchasable","18":"product-type-simple"},"_links":{"self":[{"href":"https:\/\/lucacastelli.com\/fr\/wp-json\/wp\/v2\/product\/464985","targetHints":{"allow":["GET"]}}],"collection":[{"href":"https:\/\/lucacastelli.com\/fr\/wp-json\/wp\/v2\/product"}],"about":[{"href":"https:\/\/lucacastelli.com\/fr\/wp-json\/wp\/v2\/types\/product"}],"wp:featuredmedia":[{"embeddable":true,"href":"https:\/\/lucacastelli.com\/fr\/wp-json\/wp\/v2\/media\/429478"}],"wp:attachment":[{"href":"https:\/\/lucacastelli.com\/fr\/wp-json\/wp\/v2\/media?parent=464985"}],"wp:term":[{"taxonomy":"product_brand","embeddable":true,"href":"https:\/\/lucacastelli.com\/fr\/wp-json\/wp\/v2\/product_brand?post=464985"},{"taxonomy":"product_cat","embeddable":true,"href":"https:\/\/lucacastelli.com\/fr\/wp-json\/wp\/v2\/product_cat?post=464985"},{"taxonomy":"product_tag","embeddable":true,"href":"https:\/\/lucacastelli.com\/fr\/wp-json\/wp\/v2\/product_tag?post=464985"}],"curies":[{"name":"wp","href":"https:\/\/api.w.org\/{rel}","templated":true}]}}