{"id":464962,"date":"2025-05-31T23:58:01","date_gmt":"2025-05-31T21:58:01","guid":{"rendered":"https:\/\/lucacastelli.com\/prodotto\/ms-500i-rs-longueur-de-coupe-50-cm\/"},"modified":"2026-04-20T15:58:22","modified_gmt":"2026-04-20T13:58:22","slug":"ms-500i-rs-longueur-de-coupe-50-cm","status":"publish","type":"product","link":"https:\/\/lucacastelli.com\/fr\/produit\/ms-500i-rs-longueur-de-coupe-50-cm\/","title":{"rendered":"STIHL MS 500i, RS, longueur de coupe 50 cm"},"content":{"rendered":"<p>La premi\u00e8re tron\u00e7onneuse \u00e0 injection \u00e9lectronique STIHL Injection. Meilleur rapport poids\/puissance du march\u00e9. La structure l\u00e9g\u00e8re et l&#8217;excellente acc\u00e9l\u00e9ration permettent de r\u00e9colter et de travailler du bois de grandes dimensions. Griffes optimis\u00e9es, filtre HD-2 pour une filtration efficace, \u00e9crous anti-perte sur le carter et couvercle du filtre sans outil, pompe \u00e0 huile \u00e0 d\u00e9bit r\u00e9glable pour un apport \u00e9lev\u00e9 de lubrifiant, bouchons de r\u00e9servoir sans outil pour un remplissage facile et s\u00fbr.<br \/>\n886661445479   <\/p>\n<p>Cylindr\u00e9e 79,2<br \/>\nPuissance Puissance<\/p>\n<p>Puissance Puissance<br \/>\nPuissance 6,70<br \/>\nCO2 706<\/p>\n","protected":false},"excerpt":{"rendered":"<p>MS 500i, RS, longueur de coupe 50 cm<\/p>\n","protected":false},"featured_media":423664,"template":"","meta":{"_seopress_robots_primary_cat":"none","_seopress_titles_title":"","_seopress_titles_desc":"","_seopress_robots_index":""},"product_brand":[3555],"product_cat":[167,1604],"product_tag":[3267],"class_list":{"0":"post-464962","1":"product","2":"type-product","3":"status-publish","4":"has-post-thumbnail","6":"product_brand-stihl-fr","7":"product_cat-machines","8":"product_cat-tronconneuses","9":"product_tag-import-stihl-fr","10":"sws-gruppo-macchinari-fr","11":"sws-conto-ricavi-merci-rivendita-macchinari-fr","12":"sws-gruppo-iva-iva81-fr","14":"first","15":"onbackorder","16":"purchasable","17":"product-type-simple"},"_links":{"self":[{"href":"https:\/\/lucacastelli.com\/fr\/wp-json\/wp\/v2\/product\/464962","targetHints":{"allow":["GET"]}}],"collection":[{"href":"https:\/\/lucacastelli.com\/fr\/wp-json\/wp\/v2\/product"}],"about":[{"href":"https:\/\/lucacastelli.com\/fr\/wp-json\/wp\/v2\/types\/product"}],"wp:featuredmedia":[{"embeddable":true,"href":"https:\/\/lucacastelli.com\/fr\/wp-json\/wp\/v2\/media\/423664"}],"wp:attachment":[{"href":"https:\/\/lucacastelli.com\/fr\/wp-json\/wp\/v2\/media?parent=464962"}],"wp:term":[{"taxonomy":"product_brand","embeddable":true,"href":"https:\/\/lucacastelli.com\/fr\/wp-json\/wp\/v2\/product_brand?post=464962"},{"taxonomy":"product_cat","embeddable":true,"href":"https:\/\/lucacastelli.com\/fr\/wp-json\/wp\/v2\/product_cat?post=464962"},{"taxonomy":"product_tag","embeddable":true,"href":"https:\/\/lucacastelli.com\/fr\/wp-json\/wp\/v2\/product_tag?post=464962"}],"curies":[{"name":"wp","href":"https:\/\/api.w.org\/{rel}","templated":true}]}}