{"id":464960,"date":"2025-05-31T23:02:22","date_gmt":"2025-05-31T21:02:22","guid":{"rendered":"https:\/\/lucacastelli.com\/prodotto\/msa-70-c-b-30-cm-avec-ak-30-et-al-101\/"},"modified":"2026-03-07T09:26:18","modified_gmt":"2026-03-07T08:26:18","slug":"msa-70-c-b-30-cm-avec-ak-30-et-al-101","status":"publish","type":"product","link":"https:\/\/lucacastelli.com\/fr\/produit\/msa-70-c-b-30-cm-avec-ak-30-et-al-101\/","title":{"rendered":"STIHL MSA 70 C-B 30 cm avec AK 30 et AL 101"},"content":{"rendered":"<h2 class=\"product-details__title\">Tron\u00e7onneuse sans fil MSA 70 C-B : maniable et ergonomique<\/h2>\n<div class=\"product-details__description richtexteditor\">Tron\u00e7onneuse sans fil l\u00e9g\u00e8re et facile \u00e0 utiliser, avec une performance de coupe sup\u00e9rieure de 25 % par rapport \u00e0 la MSA 60 C-B. Id\u00e9ale pour l\u2019entretien occasionnel des terrains, la coupe de troncs au sol et les petits travaux de bricolage. Cha\u00eene PM3 \u00bc&#8221; pour des performances de coupe \u00e9lev\u00e9es et une coupe nette, levier de commande ergonomique avec fonction potentiom\u00e8tre pour le r\u00e9glage continu du r\u00e9gime, tendeur de cha\u00eene rapide STIHL pour tendre la cha\u00eene sans outils, r\u00e9servoir d\u2019huile transparent pour un contr\u00f4le visuel facile du niveau de remplissage. <\/div>\n<div><\/div>\n<div><\/div>\n<div>DONN\u00c9ES TECHNIQUES<\/div>\n<div><\/div>\n<div><\/div>\n<div><\/div>\n<table data-test-id=\"pdp-spec-tech-table\">\n<tbody>\n<tr>\n<td>Tension nominale<\/td>\n<td>36 V<\/td>\n<\/tr>\n<tr>\n<td>Entr\u00e9e<\/td>\n<td>1,1 kW<\/td>\n<\/tr>\n<tr>\n<td>Pouvoir<\/td>\n<td>0,9 kW <sup>1<!-- -->)<\/sup><\/td>\n<\/tr>\n<tr>\n<td>Syst\u00e8me \u00e0 batterie<\/td>\n<td>AK<\/td>\n<\/tr>\n<tr>\n<td>Batterie recommand\u00e9e<\/td>\n<td>AK 30<\/td>\n<\/tr>\n<tr>\n<td>Poids de l\u2019appareil sans batterie<\/td>\n<td>2,5 kg <sup>2)<\/sup><\/td>\n<\/tr>\n<tr>\n<td>Longueur du guide<\/td>\n<td>30 cm <sup>3)<\/sup><\/td>\n<\/tr>\n<tr>\n<td>Pas de cha\u00eene<\/td>\n<td>1\/4&#8243;P<\/td>\n<\/tr>\n<tr>\n<td>Indice IP<\/td>\n<td>N\/A<\/td>\n<\/tr>\n<tr>\n<td>Autonomie maximale de la batterie AK 10<\/td>\n<td>18 min <sup>4)<\/sup><\/td>\n<\/tr>\n<tr>\n<td>Autonomie maximale de la batterie AK 20<\/td>\n<td>40 min <sup>4)<\/sup><\/td>\n<\/tr>\n<tr>\n<td>Autonomie maximale de la batterie AK 30<\/td>\n<td>45 min <sup>4)<\/sup><\/td>\n<\/tr>\n<tr>\n<td>Autonomie maximale de la batterie AK 30 S<\/td>\n<td>45 min <sup>4)<\/sup><\/td>\n<\/tr>\n<tr>\n<td>Longueur de l\u2019appareil avec griffe de but\u00e9e<\/td>\n<td>451 mm <sup>2)<\/sup><\/td>\n<\/tr>\n<tr>\nNiveau <\/p>\n<td>de pression acoustique<\/td>\n<td>83 dB(A) <sup>5)<\/sup><\/td>\n<\/tr>\n<tr>\nNiveau <\/p>\n<td>de puissance<\/td>\n<p> acoustique<\/p>\n<td>91 dB(A) <sup>5)<\/sup><\/td>\n<\/tr>\n<tr>\n<td>Niveau de vibration gauche\/droite<\/td>\n<td>3,2\/3,4 m\/s\u00b2 <sup>6)<\/sup><\/td>\n<\/tr>\n<\/tbody>\n<\/table>\n","protected":false},"excerpt":{"rendered":"<p>MSA 70 C-B, 30 cm, avec AK 30 et AL 101<\/p>\n","protected":false},"featured_media":424216,"template":"","meta":{"_seopress_robots_primary_cat":"none","_seopress_titles_title":"","_seopress_titles_desc":"","_seopress_robots_index":""},"product_brand":[3555],"product_cat":[167,1604,1606],"product_tag":[3267],"class_list":{"0":"post-464960","1":"product","2":"type-product","3":"status-publish","4":"has-post-thumbnail","6":"product_brand-stihl-fr","7":"product_cat-machines","8":"product_cat-tronconneuses","9":"product_cat-tronconneuses-a-batterie","10":"product_tag-import-stihl-fr","11":"sws-gruppo-macchinari-fr","12":"sws-conto-ricavi-merci-rivendita-macchinari-fr","13":"sws-gruppo-iva-iva81-fr","15":"first","16":"onbackorder","17":"purchasable","18":"product-type-simple"},"_links":{"self":[{"href":"https:\/\/lucacastelli.com\/fr\/wp-json\/wp\/v2\/product\/464960","targetHints":{"allow":["GET"]}}],"collection":[{"href":"https:\/\/lucacastelli.com\/fr\/wp-json\/wp\/v2\/product"}],"about":[{"href":"https:\/\/lucacastelli.com\/fr\/wp-json\/wp\/v2\/types\/product"}],"wp:featuredmedia":[{"embeddable":true,"href":"https:\/\/lucacastelli.com\/fr\/wp-json\/wp\/v2\/media\/424216"}],"wp:attachment":[{"href":"https:\/\/lucacastelli.com\/fr\/wp-json\/wp\/v2\/media?parent=464960"}],"wp:term":[{"taxonomy":"product_brand","embeddable":true,"href":"https:\/\/lucacastelli.com\/fr\/wp-json\/wp\/v2\/product_brand?post=464960"},{"taxonomy":"product_cat","embeddable":true,"href":"https:\/\/lucacastelli.com\/fr\/wp-json\/wp\/v2\/product_cat?post=464960"},{"taxonomy":"product_tag","embeddable":true,"href":"https:\/\/lucacastelli.com\/fr\/wp-json\/wp\/v2\/product_tag?post=464960"}],"curies":[{"name":"wp","href":"https:\/\/api.w.org\/{rel}","templated":true}]}}