{"id":464944,"date":"2025-05-31T23:00:33","date_gmt":"2025-05-31T21:00:33","guid":{"rendered":"https:\/\/lucacastelli.com\/prodotto\/3-8-rapid-hexa-3-rh3-16-mm-35-cm\/"},"modified":"2025-06-28T19:41:38","modified_gmt":"2025-06-28T17:41:38","slug":"3-8-rapid-hexa-3-rh3-16-mm-35-cm","status":"publish","type":"product","link":"https:\/\/lucacastelli.com\/fr\/produit\/3-8-rapid-hexa-3-rh3-16-mm-35-cm\/","title":{"rendered":"STIHL 3\/8 Rapid Hexa 3 (RH3), 1,6 mm, 35 cm"},"content":{"rendered":"<p>Gr\u00e2ce \u00e0 la forme innovante de la dent et \u00e0 l\u2019articulation de coupe mince, la cha\u00eene STIHL 3\/8&#8243; Rapid Hexa avec des dents pleines \u00e0 gouge atteint une puissance de coupe extr\u00eamement \u00e9lev\u00e9e. La nouvelle cha\u00eene de tron\u00e7onneuse innovante STIHL est un excellent choix pour les b\u00fbcherons professionnels et les agriculteurs qui souhaitent abattre et \u00e9laguer les arbres encore plus rapidement. Les avantages de cette cha\u00eene sont particuli\u00e8rement \u00e9vidents dans la coupe transversale par rapport \u00e0 la fibre du bois.<br \/>\nLa cha\u00eene STIHL Rapid Hexa est bas\u00e9e sur le syst\u00e8me STIHL HEXA, qui comprend des dents et des limes Hexa assorties pour permettre un aff\u00fbtage rapide, facile et pr\u00e9cis. Cela vous permet de scier plus rapidement et de vous assurer que la cha\u00eene avec des dents \u00e0 gouge pleine reste aff\u00fbt\u00e9e plus longtemps. De plus, le syst\u00e8me HEXA vous permet d\u2019\u00e9viter de limer dans les maillons de guidage et les maillons de connexion, minimisant ainsi le risque de rupture des cha\u00eenes. Gr\u00e2ce \u00e0 ce syst\u00e8me, m\u00eame les moins exp\u00e9riment\u00e9s sont capables d\u2019aff\u00fbter \u00e0 un angle presque id\u00e9al. Ces propri\u00e9t\u00e9s conf\u00e8rent \u00e0 la cha\u00eene STIHL 3\/8&#8243; Rapid Hexa 3 une dur\u00e9e de vie et une utilisation nettement plus longues.<br \/>\nLa haute qualit\u00e9 de coupe garantie par les dents \u00e0 gouge pleine de la cha\u00eene Rapid Hexa vous permet d\u2019effectuer des coupes toujours nettes et pr\u00e9cises. Ainsi, par exemple, en utilisant la tron\u00e7onneuse MS 462, vous pouvez abattre efficacement les arbres et couper m\u00eame le bois le plus \u00e9pais avec une pr\u00e9cision maximale. Gr\u00e2ce \u00e0 la faible tendance aux vibrations, vous pouvez positionner la tron\u00e7onneuse avec pr\u00e9cision et la faire passer en toute s\u00e9curit\u00e9 dans le bois.\/ppLa cha\u00eene Hexa ne peut \u00eatre aff\u00fbt\u00e9e qu\u2019avec la lime Hexa.\/p\/div<br \/>\n886661718566<\/p>\n<p>Pas de cha\u00eene 9,32 mm\/3\/8 &#8221;<br \/>\n\u00c9paisseur du maillon de guidage \u00c9paisseur du maillon de guidage<\/p>\n<p>Longueur de la barre Longueur de la barre<\/p>\n","protected":false},"excerpt":{"rendered":"<p>3\/8 Rapid Hexa 3 (RH3), 1,6 mm, 35 cm<\/p>\n","protected":false},"featured_media":423752,"template":"","meta":{"_seopress_robots_primary_cat":"","_seopress_titles_title":"","_seopress_titles_desc":"","_seopress_robots_index":""},"product_brand":[3366],"product_cat":[29,268,504],"product_tag":[3265],"class_list":{"0":"post-464944","1":"product","2":"type-product","3":"status-publish","4":"has-post-thumbnail","6":"product_brand-stihl","7":"product_cat-macchinari","8":"product_cat-motoseghe","9":"product_cat-catene-e-rotoli","10":"product_tag-import-stihl","11":"sws-gruppo-macchinari-fr","12":"sws-conto-ricavi-merci-rivendita-macchinari-fr","13":"sws-gruppo-iva-iva81-fr","15":"first","16":"onbackorder","17":"purchasable","18":"product-type-simple"},"_links":{"self":[{"href":"https:\/\/lucacastelli.com\/fr\/wp-json\/wp\/v2\/product\/464944","targetHints":{"allow":["GET"]}}],"collection":[{"href":"https:\/\/lucacastelli.com\/fr\/wp-json\/wp\/v2\/product"}],"about":[{"href":"https:\/\/lucacastelli.com\/fr\/wp-json\/wp\/v2\/types\/product"}],"wp:featuredmedia":[{"embeddable":true,"href":"https:\/\/lucacastelli.com\/fr\/wp-json\/wp\/v2\/media\/423752"}],"wp:attachment":[{"href":"https:\/\/lucacastelli.com\/fr\/wp-json\/wp\/v2\/media?parent=464944"}],"wp:term":[{"taxonomy":"product_brand","embeddable":true,"href":"https:\/\/lucacastelli.com\/fr\/wp-json\/wp\/v2\/product_brand?post=464944"},{"taxonomy":"product_cat","embeddable":true,"href":"https:\/\/lucacastelli.com\/fr\/wp-json\/wp\/v2\/product_cat?post=464944"},{"taxonomy":"product_tag","embeddable":true,"href":"https:\/\/lucacastelli.com\/fr\/wp-json\/wp\/v2\/product_tag?post=464944"}],"curies":[{"name":"wp","href":"https:\/\/api.w.org\/{rel}","templated":true}]}}