{"id":464916,"date":"2025-05-31T22:57:41","date_gmt":"2025-05-31T20:57:41","guid":{"rendered":"https:\/\/lucacastelli.com\/prodotto\/kit-de-coupe-8-35cm-ps3\/"},"modified":"2025-06-27T08:07:54","modified_gmt":"2025-06-27T06:07:54","slug":"kit-de-coupe-8-35cm-ps3","status":"publish","type":"product","link":"https:\/\/lucacastelli.com\/fr\/produit\/kit-de-coupe-8-35cm-ps3\/","title":{"rendered":"Kit de coupe 8, 35cm, PS3"},"content":{"rendered":"<p>M\u00eame la meilleure cha\u00eene s\u2019\u00e9mousse avec le temps. Mais si vous n\u2019avez pas<br \/>\nla possibilit\u00e9 d\u2019aff\u00fbter votre cha\u00eene pendant que vous travaillez ou<br \/>\nsi l\u2019ensemble de l\u2019appareil de coupe doit \u00eatre remplac\u00e9, nous avons<br \/>\nla solution qu\u2019il vous faut. Les kits STIHL sont des<br \/>\n combinaisons sp\u00e9cifiques \u00e0 l\u2019outil, compos\u00e9es de deux cha\u00eenes et d\u2019un guide-cha\u00eene<br \/>\ndans un ensemble avantageux. Cela signifie que vous avez toujours<br \/>\n\u00e0 port\u00e9e de main le bon appareil de coupe pour votre tron\u00e7onneuse ou GTA<br \/>\n26, o\u00f9 que vous soyez.<br \/>\nPour que vous restiez pleinement op\u00e9rationnel \u00e0 tout moment !brbr<br \/>\nKit Holder : 2 cha\u00eenes \u00d7, 1 \u00d7<br \/>\nguide-cha\u00eene 886661693351    <\/p>\n","protected":false},"excerpt":{"rendered":"<p>Kit de coupe 8, 35cm, PS3<\/p>\n","protected":false},"featured_media":423736,"template":"","meta":{"_seopress_robots_primary_cat":"","_seopress_titles_title":"","_seopress_titles_desc":"","_seopress_robots_index":""},"product_brand":[3555],"product_cat":[1607,167,1604],"product_tag":[3267],"class_list":{"0":"post-464916","1":"product","2":"type-product","3":"status-publish","4":"has-post-thumbnail","6":"product_brand-stihl-fr","7":"product_cat-chaines-et-enrouleurs","8":"product_cat-machines","9":"product_cat-tronconneuses","10":"product_tag-import-stihl-fr","11":"sws-gruppo-macchinari","12":"sws-conto-ricavi-merci-rivendita-macchinari","13":"sws-gruppo-iva-iva81","15":"first","16":"onbackorder","17":"purchasable","18":"product-type-simple"},"_links":{"self":[{"href":"https:\/\/lucacastelli.com\/fr\/wp-json\/wp\/v2\/product\/464916","targetHints":{"allow":["GET"]}}],"collection":[{"href":"https:\/\/lucacastelli.com\/fr\/wp-json\/wp\/v2\/product"}],"about":[{"href":"https:\/\/lucacastelli.com\/fr\/wp-json\/wp\/v2\/types\/product"}],"wp:featuredmedia":[{"embeddable":true,"href":"https:\/\/lucacastelli.com\/fr\/wp-json\/wp\/v2\/media\/423736"}],"wp:attachment":[{"href":"https:\/\/lucacastelli.com\/fr\/wp-json\/wp\/v2\/media?parent=464916"}],"wp:term":[{"taxonomy":"product_brand","embeddable":true,"href":"https:\/\/lucacastelli.com\/fr\/wp-json\/wp\/v2\/product_brand?post=464916"},{"taxonomy":"product_cat","embeddable":true,"href":"https:\/\/lucacastelli.com\/fr\/wp-json\/wp\/v2\/product_cat?post=464916"},{"taxonomy":"product_tag","embeddable":true,"href":"https:\/\/lucacastelli.com\/fr\/wp-json\/wp\/v2\/product_tag?post=464916"}],"curies":[{"name":"wp","href":"https:\/\/api.w.org\/{rel}","templated":true}]}}