{"id":464893,"date":"2025-05-31T22:56:30","date_gmt":"2025-05-31T20:56:30","guid":{"rendered":"https:\/\/lucacastelli.com\/prodotto\/ms-500i-rh-longueur-de-coupe-50-cm\/"},"modified":"2025-06-28T19:40:54","modified_gmt":"2025-06-28T17:40:54","slug":"ms-500i-rh-longueur-de-coupe-50-cm","status":"publish","type":"product","link":"https:\/\/lucacastelli.com\/fr\/produit\/ms-500i-rh-longueur-de-coupe-50-cm\/","title":{"rendered":"STIHL MS 500i, RH, longueur de coupe 50 cm"},"content":{"rendered":"<p>La premi\u00e8re tron\u00e7onneuse \u00e0 injection \u00e9lectronique STIHL Injection. Meilleur rapport poids\/puissance du march\u00e9. La construction l\u00e9g\u00e8re et l\u2019excellente acc\u00e9l\u00e9ration vous permettent de collecter et de traiter du bois de grande taille. Griffes optimis\u00e9es, filtre HD-2 pour un filtrage efficace, \u00e9crous anti-fuite sur le carter et le couvercle du filtre sans l\u2019utilisation d\u2019outils, pompe \u00e0 huile \u00e0 d\u00e9bit r\u00e9glable pour un d\u00e9bit \u00e9lev\u00e9 de lubrifiant, bouchons de r\u00e9servoir sans outil pour un ravitaillement facile et s\u00fbr.<br \/>\n886661752409   <\/p>\n<p>Cylindr\u00e9e 79.2<br \/>\nPuissance Puissance<\/p>\n<p>Puissance Puissance Puissance<br \/>\n6,70<br \/>\nCO2 706<\/p>\n","protected":false},"excerpt":{"rendered":"<p>MS 500i, RH, longueur de coupe 50 cm<\/p>\n","protected":false},"featured_media":423664,"template":"","meta":{"_seopress_robots_primary_cat":"none","_seopress_titles_title":"","_seopress_titles_desc":"","_seopress_robots_index":""},"product_brand":[3555],"product_cat":[167,1604,1608],"product_tag":[3267],"class_list":{"0":"post-464893","1":"product","2":"type-product","3":"status-publish","4":"has-post-thumbnail","6":"product_brand-stihl-fr","7":"product_cat-machines","8":"product_cat-tronconneuses","9":"product_cat-tronconneuses-a-moteur","10":"product_tag-import-stihl-fr","11":"sws-gruppo-macchinari-fr","12":"sws-conto-ricavi-merci-rivendita-macchinari-fr","13":"sws-gruppo-iva-iva81-fr","15":"first","16":"onbackorder","17":"purchasable","18":"product-type-simple"},"_links":{"self":[{"href":"https:\/\/lucacastelli.com\/fr\/wp-json\/wp\/v2\/product\/464893","targetHints":{"allow":["GET"]}}],"collection":[{"href":"https:\/\/lucacastelli.com\/fr\/wp-json\/wp\/v2\/product"}],"about":[{"href":"https:\/\/lucacastelli.com\/fr\/wp-json\/wp\/v2\/types\/product"}],"wp:featuredmedia":[{"embeddable":true,"href":"https:\/\/lucacastelli.com\/fr\/wp-json\/wp\/v2\/media\/423664"}],"wp:attachment":[{"href":"https:\/\/lucacastelli.com\/fr\/wp-json\/wp\/v2\/media?parent=464893"}],"wp:term":[{"taxonomy":"product_brand","embeddable":true,"href":"https:\/\/lucacastelli.com\/fr\/wp-json\/wp\/v2\/product_brand?post=464893"},{"taxonomy":"product_cat","embeddable":true,"href":"https:\/\/lucacastelli.com\/fr\/wp-json\/wp\/v2\/product_cat?post=464893"},{"taxonomy":"product_tag","embeddable":true,"href":"https:\/\/lucacastelli.com\/fr\/wp-json\/wp\/v2\/product_tag?post=464893"}],"curies":[{"name":"wp","href":"https:\/\/api.w.org\/{rel}","templated":true}]}}