{"id":464891,"date":"2025-05-31T22:49:25","date_gmt":"2025-05-31T20:49:25","guid":{"rendered":"https:\/\/lucacastelli.com\/prodotto\/dent-guide\/"},"modified":"2026-03-02T14:16:38","modified_gmt":"2026-03-02T13:16:38","slug":"dent-guide","status":"publish","type":"product","link":"https:\/\/lucacastelli.com\/fr\/produit\/dent-guide\/","title":{"rendered":"Griffe d\u2019abattage STIHL"},"content":{"rendered":"<p>Dispositif d\u2019appui et de guidage pour la coupe de b\u00e9ton et de ma\u00e7onnerie. En acier tremp\u00e9 et galvanis\u00e9, pour GS 461.<br \/>\n886661017102 <\/p>\n","protected":false},"excerpt":{"rendered":"<p>Griffe d\u2019abattage<\/p>\n","protected":false},"featured_media":423158,"template":"","meta":{"_seopress_robots_primary_cat":"","_seopress_titles_title":"","_seopress_titles_desc":"","_seopress_robots_index":""},"product_brand":[3555],"product_cat":[1456,167,1604],"product_tag":[3267],"class_list":{"0":"post-464891","1":"product","2":"type-product","3":"status-publish","4":"has-post-thumbnail","6":"product_brand-stihl-fr","7":"product_cat-accessoires-et-consommables-fr","8":"product_cat-machines","9":"product_cat-tronconneuses","10":"product_tag-import-stihl-fr","11":"sws-gruppo-macchinari-fr","12":"sws-conto-ricavi-merci-rivendita-macchinari-fr","13":"sws-gruppo-iva-iva81-fr","15":"first","16":"onbackorder","17":"purchasable","18":"product-type-simple"},"_links":{"self":[{"href":"https:\/\/lucacastelli.com\/fr\/wp-json\/wp\/v2\/product\/464891","targetHints":{"allow":["GET"]}}],"collection":[{"href":"https:\/\/lucacastelli.com\/fr\/wp-json\/wp\/v2\/product"}],"about":[{"href":"https:\/\/lucacastelli.com\/fr\/wp-json\/wp\/v2\/types\/product"}],"wp:featuredmedia":[{"embeddable":true,"href":"https:\/\/lucacastelli.com\/fr\/wp-json\/wp\/v2\/media\/423158"}],"wp:attachment":[{"href":"https:\/\/lucacastelli.com\/fr\/wp-json\/wp\/v2\/media?parent=464891"}],"wp:term":[{"taxonomy":"product_brand","embeddable":true,"href":"https:\/\/lucacastelli.com\/fr\/wp-json\/wp\/v2\/product_brand?post=464891"},{"taxonomy":"product_cat","embeddable":true,"href":"https:\/\/lucacastelli.com\/fr\/wp-json\/wp\/v2\/product_cat?post=464891"},{"taxonomy":"product_tag","embeddable":true,"href":"https:\/\/lucacastelli.com\/fr\/wp-json\/wp\/v2\/product_tag?post=464891"}],"curies":[{"name":"wp","href":"https:\/\/api.w.org\/{rel}","templated":true}]}}