{"id":464886,"date":"2025-05-31T22:56:27","date_gmt":"2025-05-31T20:56:27","guid":{"rendered":"https:\/\/lucacastelli.com\/prodotto\/ms-291-longueur-de-coupe-40cm-rm\/"},"modified":"2025-06-27T08:07:19","modified_gmt":"2025-06-27T06:07:19","slug":"ms-291-longueur-de-coupe-40cm-rm","status":"publish","type":"product","link":"https:\/\/lucacastelli.com\/fr\/produit\/ms-291-longueur-de-coupe-40cm-rm\/","title":{"rendered":"MS 291, longueur de coupe 40cm, RM"},"content":{"rendered":"<p>La tron\u00e7onneuse \u00ab&nbsp;polyvalente&nbsp;\u00bb avec moteur 2-Mix, filtre \u00e0 air longue dur\u00e9e avec pr\u00e9filtrage, syst\u00e8me anti-vibration professionnel et allumage par microprocesseur. Qu\u2019il s\u2019agisse de scier du bois de chauffage, d\u2019entretenir des arbres, de r\u00e9colter et de scier du bois pour la construction, la tron\u00e7onneuse MS 271 allie id\u00e9alement performance et confort.<br \/>\n886661711741 <\/p>\n<p>Cylindr\u00e9e 55.5<br \/>\nPuissance Puissance<\/p>\n<p>Puissance Puissance Puissance<br \/>\n3,80<br \/>\nCO2 841<\/p>\n","protected":false},"excerpt":{"rendered":"<p>MS 291, longueur de coupe 40cm, RM<\/p>\n","protected":false},"featured_media":423650,"template":"","meta":{"_seopress_robots_primary_cat":"","_seopress_titles_title":"","_seopress_titles_desc":"","_seopress_robots_index":""},"product_brand":[3555],"product_cat":[167,1604,1608],"product_tag":[3267],"class_list":{"0":"post-464886","1":"product","2":"type-product","3":"status-publish","4":"has-post-thumbnail","6":"product_brand-stihl-fr","7":"product_cat-machines","8":"product_cat-tronconneuses","9":"product_cat-tronconneuses-a-moteur","10":"product_tag-import-stihl-fr","11":"sws-gruppo-macchinari-fr","12":"sws-conto-ricavi-merci-rivendita-macchinari-fr","13":"sws-gruppo-iva-iva81-fr","15":"first","16":"onbackorder","17":"purchasable","18":"product-type-simple"},"_links":{"self":[{"href":"https:\/\/lucacastelli.com\/fr\/wp-json\/wp\/v2\/product\/464886","targetHints":{"allow":["GET"]}}],"collection":[{"href":"https:\/\/lucacastelli.com\/fr\/wp-json\/wp\/v2\/product"}],"about":[{"href":"https:\/\/lucacastelli.com\/fr\/wp-json\/wp\/v2\/types\/product"}],"wp:featuredmedia":[{"embeddable":true,"href":"https:\/\/lucacastelli.com\/fr\/wp-json\/wp\/v2\/media\/423650"}],"wp:attachment":[{"href":"https:\/\/lucacastelli.com\/fr\/wp-json\/wp\/v2\/media?parent=464886"}],"wp:term":[{"taxonomy":"product_brand","embeddable":true,"href":"https:\/\/lucacastelli.com\/fr\/wp-json\/wp\/v2\/product_brand?post=464886"},{"taxonomy":"product_cat","embeddable":true,"href":"https:\/\/lucacastelli.com\/fr\/wp-json\/wp\/v2\/product_cat?post=464886"},{"taxonomy":"product_tag","embeddable":true,"href":"https:\/\/lucacastelli.com\/fr\/wp-json\/wp\/v2\/product_tag?post=464886"}],"curies":[{"name":"wp","href":"https:\/\/api.w.org\/{rel}","templated":true}]}}