{"id":464885,"date":"2025-05-31T22:40:05","date_gmt":"2025-05-31T20:40:05","guid":{"rendered":"https:\/\/lucacastelli.com\/prodotto\/lime-daffutage-triangulaire\/"},"modified":"2026-03-02T14:17:18","modified_gmt":"2026-03-02T13:17:18","slug":"lime-daffutage-triangulaire","status":"publish","type":"product","link":"https:\/\/lucacastelli.com\/fr\/produit\/lime-daffutage-triangulaire\/","title":{"rendered":"STIHL Lime triangulaire pour aff\u00fbtage"},"content":{"rendered":"<p>Lime triangulaire pour limer les scies circulaires \u00e0 dents pointues. Convient pour le r\u00e9aff\u00fbtage des limiteurs de profondeur. Longueur 200 mm. Conditionnement de 12 unit\u00e9s.<br \/>\n795711019174  <\/p>\n","protected":false},"excerpt":{"rendered":"<p>Lime triangulaire pour aff\u00fbtage<\/p>\n","protected":false},"featured_media":422963,"template":"","meta":{"_seopress_robots_primary_cat":"","_seopress_titles_title":"","_seopress_titles_desc":"","_seopress_robots_index":""},"product_brand":[3366],"product_cat":[29,515,268],"product_tag":[3265],"class_list":{"0":"post-464885","1":"product","2":"type-product","3":"status-publish","4":"has-post-thumbnail","6":"product_brand-stihl","7":"product_cat-macchinari","8":"product_cat-accessori-e-materiale-di-consumo-altri-dispositivi","9":"product_cat-motoseghe","10":"product_tag-import-stihl","11":"sws-gruppo-macchinari-fr","12":"sws-conto-ricavi-merci-rivendita-macchinari-fr","13":"sws-gruppo-iva-iva81-fr","15":"first","16":"onbackorder","17":"purchasable","18":"product-type-simple"},"_links":{"self":[{"href":"https:\/\/lucacastelli.com\/fr\/wp-json\/wp\/v2\/product\/464885","targetHints":{"allow":["GET"]}}],"collection":[{"href":"https:\/\/lucacastelli.com\/fr\/wp-json\/wp\/v2\/product"}],"about":[{"href":"https:\/\/lucacastelli.com\/fr\/wp-json\/wp\/v2\/types\/product"}],"wp:featuredmedia":[{"embeddable":true,"href":"https:\/\/lucacastelli.com\/fr\/wp-json\/wp\/v2\/media\/422963"}],"wp:attachment":[{"href":"https:\/\/lucacastelli.com\/fr\/wp-json\/wp\/v2\/media?parent=464885"}],"wp:term":[{"taxonomy":"product_brand","embeddable":true,"href":"https:\/\/lucacastelli.com\/fr\/wp-json\/wp\/v2\/product_brand?post=464885"},{"taxonomy":"product_cat","embeddable":true,"href":"https:\/\/lucacastelli.com\/fr\/wp-json\/wp\/v2\/product_cat?post=464885"},{"taxonomy":"product_tag","embeddable":true,"href":"https:\/\/lucacastelli.com\/fr\/wp-json\/wp\/v2\/product_tag?post=464885"}],"curies":[{"name":"wp","href":"https:\/\/api.w.org\/{rel}","templated":true}]}}