{"id":464878,"date":"2025-05-31T22:39:38","date_gmt":"2025-05-31T20:39:38","guid":{"rendered":"https:\/\/lucacastelli.com\/prodotto\/cle-kombi-du-19-13\/"},"modified":"2025-06-27T08:07:08","modified_gmt":"2025-06-27T06:07:08","slug":"cle-kombi-du-19-13","status":"publish","type":"product","link":"https:\/\/lucacastelli.com\/fr\/produit\/cle-kombi-du-19-13\/","title":{"rendered":"Cl\u00e9 Kombi du 19-13"},"content":{"rendered":"<p>Pour r\u00e9gler la tension de la cha\u00eene et pour remplacer la cha\u00eene, le guide-cha\u00eene et la bougie.<br \/>\n795711079994<\/p>\n","protected":false},"excerpt":{"rendered":"<p>Cl\u00e9 Kombi du 19-13<\/p>\n","protected":false},"featured_media":422828,"template":"","meta":{"_seopress_robots_primary_cat":"","_seopress_titles_title":"","_seopress_titles_desc":"","_seopress_robots_index":""},"product_brand":[3555],"product_cat":[167,1456,1604],"product_tag":[3267],"class_list":{"0":"post-464878","1":"product","2":"type-product","3":"status-publish","4":"has-post-thumbnail","6":"product_brand-stihl-fr","7":"product_cat-machines","8":"product_cat-accessoires-et-consommables-fr","9":"product_cat-tronconneuses","10":"product_tag-import-stihl-fr","11":"sws-gruppo-macchinari","12":"sws-conto-ricavi-merci-rivendita-macchinari","13":"sws-gruppo-iva-iva81","15":"first","16":"onbackorder","17":"purchasable","18":"product-type-simple"},"_links":{"self":[{"href":"https:\/\/lucacastelli.com\/fr\/wp-json\/wp\/v2\/product\/464878","targetHints":{"allow":["GET"]}}],"collection":[{"href":"https:\/\/lucacastelli.com\/fr\/wp-json\/wp\/v2\/product"}],"about":[{"href":"https:\/\/lucacastelli.com\/fr\/wp-json\/wp\/v2\/types\/product"}],"wp:featuredmedia":[{"embeddable":true,"href":"https:\/\/lucacastelli.com\/fr\/wp-json\/wp\/v2\/media\/422828"}],"wp:attachment":[{"href":"https:\/\/lucacastelli.com\/fr\/wp-json\/wp\/v2\/media?parent=464878"}],"wp:term":[{"taxonomy":"product_brand","embeddable":true,"href":"https:\/\/lucacastelli.com\/fr\/wp-json\/wp\/v2\/product_brand?post=464878"},{"taxonomy":"product_cat","embeddable":true,"href":"https:\/\/lucacastelli.com\/fr\/wp-json\/wp\/v2\/product_cat?post=464878"},{"taxonomy":"product_tag","embeddable":true,"href":"https:\/\/lucacastelli.com\/fr\/wp-json\/wp\/v2\/product_tag?post=464878"}],"curies":[{"name":"wp","href":"https:\/\/api.w.org\/{rel}","templated":true}]}}