{"id":464877,"date":"2025-05-31T22:39:09","date_gmt":"2025-05-31T20:39:09","guid":{"rendered":"https:\/\/lucacastelli.com\/prodotto\/cle-kombi-19\/"},"modified":"2026-03-02T14:17:18","modified_gmt":"2026-03-02T13:17:18","slug":"cle-kombi-19","status":"publish","type":"product","link":"https:\/\/lucacastelli.com\/fr\/produit\/cle-kombi-19\/","title":{"rendered":"Cl\u00e9 combin\u00e9e STIHL 19"},"content":{"rendered":"<p>Pour le r\u00e9glage de la tension de la cha\u00eene et pour le remplacement de la cha\u00eene, du guide-cha\u00eene et de la bougie.<br \/>\n795711023607<\/p>\n","protected":false},"excerpt":{"rendered":"<p>Cl\u00e9 combin\u00e9e 19<\/p>\n","protected":false},"featured_media":422830,"template":"","meta":{"_seopress_robots_primary_cat":"","_seopress_titles_title":"","_seopress_titles_desc":"","_seopress_robots_index":""},"product_brand":[3555],"product_cat":[167,1456,1604],"product_tag":[3267],"class_list":{"0":"post-464877","1":"product","2":"type-product","3":"status-publish","4":"has-post-thumbnail","6":"product_brand-stihl-fr","7":"product_cat-machines","8":"product_cat-accessoires-et-consommables-fr","9":"product_cat-tronconneuses","10":"product_tag-import-stihl-fr","11":"sws-gruppo-macchinari-fr","12":"sws-conto-ricavi-merci-rivendita-macchinari-fr","13":"sws-gruppo-iva-iva81-fr","15":"first","16":"onbackorder","17":"purchasable","18":"product-type-simple"},"_links":{"self":[{"href":"https:\/\/lucacastelli.com\/fr\/wp-json\/wp\/v2\/product\/464877","targetHints":{"allow":["GET"]}}],"collection":[{"href":"https:\/\/lucacastelli.com\/fr\/wp-json\/wp\/v2\/product"}],"about":[{"href":"https:\/\/lucacastelli.com\/fr\/wp-json\/wp\/v2\/types\/product"}],"wp:featuredmedia":[{"embeddable":true,"href":"https:\/\/lucacastelli.com\/fr\/wp-json\/wp\/v2\/media\/422830"}],"wp:attachment":[{"href":"https:\/\/lucacastelli.com\/fr\/wp-json\/wp\/v2\/media?parent=464877"}],"wp:term":[{"taxonomy":"product_brand","embeddable":true,"href":"https:\/\/lucacastelli.com\/fr\/wp-json\/wp\/v2\/product_brand?post=464877"},{"taxonomy":"product_cat","embeddable":true,"href":"https:\/\/lucacastelli.com\/fr\/wp-json\/wp\/v2\/product_cat?post=464877"},{"taxonomy":"product_tag","embeddable":true,"href":"https:\/\/lucacastelli.com\/fr\/wp-json\/wp\/v2\/product_tag?post=464877"}],"curies":[{"name":"wp","href":"https:\/\/api.w.org\/{rel}","templated":true}]}}