{"id":464857,"date":"2025-05-31T22:34:32","date_gmt":"2025-05-31T20:34:32","guid":{"rendered":"https:\/\/lucacastelli.com\/prodotto\/cle-kombi-de-19-16\/"},"modified":"2025-06-27T08:06:49","modified_gmt":"2025-06-27T06:06:49","slug":"cle-kombi-de-19-16","status":"publish","type":"product","link":"https:\/\/lucacastelli.com\/fr\/produit\/cle-kombi-de-19-16\/","title":{"rendered":"Cl\u00e9 Kombi de 19-16"},"content":{"rendered":"<p>Pour r\u00e9gler la tension de la cha\u00eene et pour remplacer la cha\u00eene, le guide-cha\u00eene et la bougie.<br \/>\n795711439088<\/p>\n","protected":false},"excerpt":{"rendered":"<p>Cl\u00e9 Kombi de 19-16<\/p>\n","protected":false},"featured_media":422830,"template":"","meta":{"_seopress_robots_primary_cat":"","_seopress_titles_title":"","_seopress_titles_desc":"","_seopress_robots_index":""},"product_brand":[3555],"product_cat":[167,1456,1604],"product_tag":[],"class_list":{"0":"post-464857","1":"product","2":"type-product","3":"status-publish","4":"has-post-thumbnail","6":"product_brand-stihl-fr","7":"product_cat-machines","8":"product_cat-accessoires-et-consommables-fr","9":"product_cat-tronconneuses","10":"sws-gruppo-macchinari","11":"sws-conto-ricavi-merci-rivendita-macchinari","12":"sws-gruppo-iva-iva81","14":"first","15":"onbackorder","16":"purchasable","17":"product-type-simple"},"_links":{"self":[{"href":"https:\/\/lucacastelli.com\/fr\/wp-json\/wp\/v2\/product\/464857","targetHints":{"allow":["GET"]}}],"collection":[{"href":"https:\/\/lucacastelli.com\/fr\/wp-json\/wp\/v2\/product"}],"about":[{"href":"https:\/\/lucacastelli.com\/fr\/wp-json\/wp\/v2\/types\/product"}],"wp:featuredmedia":[{"embeddable":true,"href":"https:\/\/lucacastelli.com\/fr\/wp-json\/wp\/v2\/media\/422830"}],"wp:attachment":[{"href":"https:\/\/lucacastelli.com\/fr\/wp-json\/wp\/v2\/media?parent=464857"}],"wp:term":[{"taxonomy":"product_brand","embeddable":true,"href":"https:\/\/lucacastelli.com\/fr\/wp-json\/wp\/v2\/product_brand?post=464857"},{"taxonomy":"product_cat","embeddable":true,"href":"https:\/\/lucacastelli.com\/fr\/wp-json\/wp\/v2\/product_cat?post=464857"},{"taxonomy":"product_tag","embeddable":true,"href":"https:\/\/lucacastelli.com\/fr\/wp-json\/wp\/v2\/product_tag?post=464857"}],"curies":[{"name":"wp","href":"https:\/\/api.w.org\/{rel}","templated":true}]}}