{"id":464854,"date":"2025-05-31T22:34:02","date_gmt":"2025-05-31T20:34:02","guid":{"rendered":"https:\/\/lucacastelli.com\/prodotto\/msa-300-c-o-40cm-sans-batterie-ni-chargeur\/"},"modified":"2025-06-28T19:39:38","modified_gmt":"2025-06-28T17:39:38","slug":"msa-300-c-o-40cm-sans-batterie-ni-chargeur","status":"publish","type":"product","link":"https:\/\/lucacastelli.com\/fr\/produit\/msa-300-c-o-40cm-sans-batterie-ni-chargeur\/","title":{"rendered":"STIHL MSA 300 C-O, 40cm, sans batterie ni chargeur"},"content":{"rendered":"<p>La tron\u00e7onneuse sans fil la plus puissante STIHL pour un usage professionnel. Les performances \u00e9lev\u00e9es et les trois modes de fonctionnement s\u00e9lectionnables vous permettent de travailler de mani\u00e8re optimale dans un large \u00e9ventail d\u2019applications telles que l\u2019abattage, l\u2019\u00e9branchage ou la coupe sur mesure. Une ergonomie \u00e9lev\u00e9e m\u00eame pour les travaux prolong\u00e9s gr\u00e2ce \u00e0 la conception mince et maniable, \u00e0 STIHL \u00e9quilibre et au syst\u00e8me anti-vibration STIHL. Cockpit de contr\u00f4le et de notification intuitif avec indicateur LED, filtre \u00e0 air de refroidissement int\u00e9gr\u00e9, \u00e9crou anti-fuite sur le couvercle de la bobine, pompe \u00e0 huile r\u00e9glable, cha\u00eene RM Pro .325&#8243; pour des performances de coupe tr\u00e8s \u00e9lev\u00e9es. Standard avec capteur d\u2019huile et indicateur LED pour une information active de l\u2019utilisateur en cas de manque d\u2019huile. Mise \u00e0 disposition du STIHL Smart Connector 2 A dans le bo\u00eetier de l\u2019outil. Le MSA 300 ne peut \u00eatre utilis\u00e9 qu\u2019avec la batterie STIHL AP 500 S afin de disposer de toute la gamme de fonctions. L\u2019utilisation d\u2019autres batteries STIHL ne garantit pas l\u2019utilisation de toutes les fonctions ou la puissance de coupe maximale possible.<br \/>\n886661506996       <\/p>\n<p>Tension nominale 36<br \/>\nConsommation \u00e9lectrique Consommation \u00e9lectrique<\/p>\n<p>Alimentation Syst\u00e8me de<br \/>\nbatterie AP<br \/>\nBatterie recommand\u00e9e AP 500 S<\/p>\n","protected":false},"excerpt":{"rendered":"<p>MSA 300 C-O, 40cm, sans batterie ni chargeur<\/p>\n","protected":false},"featured_media":422805,"template":"","meta":{"_seopress_robots_primary_cat":"","_seopress_titles_title":"","_seopress_titles_desc":"","_seopress_robots_index":""},"product_brand":[3366],"product_cat":[29,268,528],"product_tag":[3265],"class_list":{"0":"post-464854","1":"product","2":"type-product","3":"status-publish","4":"has-post-thumbnail","6":"product_brand-stihl","7":"product_cat-macchinari","8":"product_cat-motoseghe","9":"product_cat-motoseghe-a-batteria","10":"product_tag-import-stihl","11":"sws-gruppo-macchinari-fr","12":"sws-conto-ricavi-merci-rivendita-macchinari-fr","13":"sws-gruppo-iva-iva81-fr","15":"first","16":"onbackorder","17":"purchasable","18":"product-type-simple"},"_links":{"self":[{"href":"https:\/\/lucacastelli.com\/fr\/wp-json\/wp\/v2\/product\/464854","targetHints":{"allow":["GET"]}}],"collection":[{"href":"https:\/\/lucacastelli.com\/fr\/wp-json\/wp\/v2\/product"}],"about":[{"href":"https:\/\/lucacastelli.com\/fr\/wp-json\/wp\/v2\/types\/product"}],"wp:featuredmedia":[{"embeddable":true,"href":"https:\/\/lucacastelli.com\/fr\/wp-json\/wp\/v2\/media\/422805"}],"wp:attachment":[{"href":"https:\/\/lucacastelli.com\/fr\/wp-json\/wp\/v2\/media?parent=464854"}],"wp:term":[{"taxonomy":"product_brand","embeddable":true,"href":"https:\/\/lucacastelli.com\/fr\/wp-json\/wp\/v2\/product_brand?post=464854"},{"taxonomy":"product_cat","embeddable":true,"href":"https:\/\/lucacastelli.com\/fr\/wp-json\/wp\/v2\/product_cat?post=464854"},{"taxonomy":"product_tag","embeddable":true,"href":"https:\/\/lucacastelli.com\/fr\/wp-json\/wp\/v2\/product_tag?post=464854"}],"curies":[{"name":"wp","href":"https:\/\/api.w.org\/{rel}","templated":true}]}}