{"id":464848,"date":"2025-05-31T22:33:38","date_gmt":"2025-05-31T20:33:38","guid":{"rendered":"https:\/\/lucacastelli.com\/prodotto\/msa-300-45cm-sans-batterie-ni-chargeur\/"},"modified":"2025-06-28T19:39:34","modified_gmt":"2025-06-28T17:39:34","slug":"msa-300-45cm-sans-batterie-ni-chargeur","status":"publish","type":"product","link":"https:\/\/lucacastelli.com\/fr\/produit\/msa-300-45cm-sans-batterie-ni-chargeur\/","title":{"rendered":"STIHL MSA 300, 45cm, sans batterie ni chargeur"},"content":{"rendered":"<p>Puissante tron\u00e7onneuse sans fil de STIHL usage professionnel. Le MSA 300 ne peut \u00eatre utilis\u00e9 qu\u2019avec la batterie STIHL AP 500 S afin de disposer de toute la gamme de fonctions. L\u2019utilisation d\u2019autres batteries STIHL ne garantit pas l\u2019utilisation de toutes les fonctions ou la puissance de coupe maximale possible.<br \/>\n886661505845<\/p>\n<p>Tension nominale 36<br \/>\nConsommation \u00e9lectrique Consommation \u00e9lectrique<\/p>\n<p>Alimentation Syst\u00e8me de<br \/>\nbatterie AP<br \/>\nBatterie recommand\u00e9e AP 500 S<\/p>\n","protected":false},"excerpt":{"rendered":"<p>MSA 300, 45cm, sans batterie ni chargeur<\/p>\n","protected":false},"featured_media":422773,"template":"","meta":{"_seopress_robots_primary_cat":"","_seopress_titles_title":"","_seopress_titles_desc":"","_seopress_robots_index":""},"product_brand":[3366],"product_cat":[29,268,528],"product_tag":[3265],"class_list":{"0":"post-464848","1":"product","2":"type-product","3":"status-publish","4":"has-post-thumbnail","6":"product_brand-stihl","7":"product_cat-macchinari","8":"product_cat-motoseghe","9":"product_cat-motoseghe-a-batteria","10":"product_tag-import-stihl","11":"sws-gruppo-macchinari-fr","12":"sws-conto-ricavi-merci-rivendita-macchinari-fr","13":"sws-gruppo-iva-iva81-fr","15":"first","16":"onbackorder","17":"purchasable","18":"product-type-simple"},"_links":{"self":[{"href":"https:\/\/lucacastelli.com\/fr\/wp-json\/wp\/v2\/product\/464848","targetHints":{"allow":["GET"]}}],"collection":[{"href":"https:\/\/lucacastelli.com\/fr\/wp-json\/wp\/v2\/product"}],"about":[{"href":"https:\/\/lucacastelli.com\/fr\/wp-json\/wp\/v2\/types\/product"}],"wp:featuredmedia":[{"embeddable":true,"href":"https:\/\/lucacastelli.com\/fr\/wp-json\/wp\/v2\/media\/422773"}],"wp:attachment":[{"href":"https:\/\/lucacastelli.com\/fr\/wp-json\/wp\/v2\/media?parent=464848"}],"wp:term":[{"taxonomy":"product_brand","embeddable":true,"href":"https:\/\/lucacastelli.com\/fr\/wp-json\/wp\/v2\/product_brand?post=464848"},{"taxonomy":"product_cat","embeddable":true,"href":"https:\/\/lucacastelli.com\/fr\/wp-json\/wp\/v2\/product_cat?post=464848"},{"taxonomy":"product_tag","embeddable":true,"href":"https:\/\/lucacastelli.com\/fr\/wp-json\/wp\/v2\/product_tag?post=464848"}],"curies":[{"name":"wp","href":"https:\/\/api.w.org\/{rel}","templated":true}]}}