{"id":464846,"date":"2025-05-31T22:31:52","date_gmt":"2025-05-31T20:31:52","guid":{"rendered":"https:\/\/lucacastelli.com\/prodotto\/etui\/"},"modified":"2026-03-02T14:30:58","modified_gmt":"2026-03-02T13:30:58","slug":"etui","status":"publish","type":"product","link":"https:\/\/lucacastelli.com\/fr\/produit\/etui\/","title":{"rendered":"Holster STIHL"},"content":{"rendered":"<p>Permet de porter le GTA 26 \u00e0 la ceinture et d\u2019y acc\u00e9der rapidement sur le lieu de travail. La sangle de jambe r\u00e9glable fixe le holster \u00e0 la cuisse et garantit un confort de port accru. La paroi arri\u00e8re renforc\u00e9e offre une protection \u00e9lev\u00e9e lors de l\u2019insertion. La sangle de maintien suppl\u00e9mentaire maintient fermement le GTA 26 dans le holster.<br \/>\n886661475568   <\/p>\n","protected":false},"excerpt":{"rendered":"<p>\u00c9tui<\/p>\n","protected":false},"featured_media":422525,"template":"","meta":{"_seopress_robots_primary_cat":"","_seopress_titles_title":"","_seopress_titles_desc":"","_seopress_robots_index":""},"product_brand":[3555],"product_cat":[1605,167,1690,1604],"product_tag":[3267],"class_list":{"0":"post-464846","1":"product","2":"type-product","3":"status-publish","4":"has-post-thumbnail","6":"product_brand-stihl-fr","7":"product_cat-accessoires-et-consommables-fr-4","8":"product_cat-machines","9":"product_cat-taille-haies-et-elagueurs","10":"product_cat-tronconneuses","11":"product_tag-import-stihl-fr","12":"sws-gruppo-macchinari-fr","13":"sws-conto-ricavi-merci-rivendita-macchinari-fr","14":"sws-gruppo-iva-iva81-fr","16":"first","17":"onbackorder","18":"purchasable","19":"product-type-simple"},"_links":{"self":[{"href":"https:\/\/lucacastelli.com\/fr\/wp-json\/wp\/v2\/product\/464846","targetHints":{"allow":["GET"]}}],"collection":[{"href":"https:\/\/lucacastelli.com\/fr\/wp-json\/wp\/v2\/product"}],"about":[{"href":"https:\/\/lucacastelli.com\/fr\/wp-json\/wp\/v2\/types\/product"}],"wp:featuredmedia":[{"embeddable":true,"href":"https:\/\/lucacastelli.com\/fr\/wp-json\/wp\/v2\/media\/422525"}],"wp:attachment":[{"href":"https:\/\/lucacastelli.com\/fr\/wp-json\/wp\/v2\/media?parent=464846"}],"wp:term":[{"taxonomy":"product_brand","embeddable":true,"href":"https:\/\/lucacastelli.com\/fr\/wp-json\/wp\/v2\/product_brand?post=464846"},{"taxonomy":"product_cat","embeddable":true,"href":"https:\/\/lucacastelli.com\/fr\/wp-json\/wp\/v2\/product_cat?post=464846"},{"taxonomy":"product_tag","embeddable":true,"href":"https:\/\/lucacastelli.com\/fr\/wp-json\/wp\/v2\/product_tag?post=464846"}],"curies":[{"name":"wp","href":"https:\/\/api.w.org\/{rel}","templated":true}]}}