{"id":464840,"date":"2025-05-31T22:31:31","date_gmt":"2025-05-31T20:31:31","guid":{"rendered":"https:\/\/lucacastelli.com\/prodotto\/gta-26-sans-accu-ni-chargeur\/"},"modified":"2026-01-01T10:32:03","modified_gmt":"2026-01-01T09:32:03","slug":"gta-26-sans-accu-ni-chargeur","status":"publish","type":"product","link":"https:\/\/lucacastelli.com\/fr\/produit\/gta-26-sans-accu-ni-chargeur\/","title":{"rendered":"GTA 26, sans accu ni chargeur"},"content":{"rendered":"<p>Scie \u00e0 brousse sans fil polyvalente. Pour l\u2019\u00e9lagage des arbres et des arbustes, pour la coupe de mat\u00e9riaux coup\u00e9s en petits morceaux et pour les travaux de menuiserie. Avec cha\u00eene 1\/4&#8243; PM3 pour des performances \u00e9lev\u00e9es et des coupes puissantes. Poign\u00e9e antid\u00e9rapante pour une ergonomie parfaite. Changement de cha\u00eene sans outil, couvercle de protection flexible pour un travail en toute s\u00e9curit\u00e9, avec indicateur d\u2019\u00e9tat de charge.<br \/>\n886661623266    <\/p>\n<p>Tension nominale 11<br \/>\nConsommation \u00e9lectrique Consommation \u00e9lectrique<\/p>\n<p>Alimentation Syst\u00e8me<br \/>\nde batterie AS<br \/>\nPoids de l\u2019appareil 1,1<\/p>\n","protected":false},"excerpt":{"rendered":"<p>GTA 26, sans accu ni chargeur<\/p>\n","protected":false},"featured_media":422484,"template":"","meta":{"_seopress_robots_primary_cat":"","_seopress_titles_title":"","_seopress_titles_desc":"","_seopress_robots_index":""},"product_brand":[3555],"product_cat":[167,1604,1606],"product_tag":[3267],"class_list":{"0":"post-464840","1":"product","2":"type-product","3":"status-publish","4":"has-post-thumbnail","6":"product_brand-stihl-fr","7":"product_cat-machines","8":"product_cat-tronconneuses","9":"product_cat-tronconneuses-a-batterie","10":"product_tag-import-stihl-fr","11":"sws-gruppo-macchinari","12":"sws-conto-ricavi-merci-rivendita-macchinari","13":"sws-gruppo-iva-iva81","15":"first","16":"onbackorder","17":"purchasable","18":"product-type-simple"},"_links":{"self":[{"href":"https:\/\/lucacastelli.com\/fr\/wp-json\/wp\/v2\/product\/464840","targetHints":{"allow":["GET"]}}],"collection":[{"href":"https:\/\/lucacastelli.com\/fr\/wp-json\/wp\/v2\/product"}],"about":[{"href":"https:\/\/lucacastelli.com\/fr\/wp-json\/wp\/v2\/types\/product"}],"wp:featuredmedia":[{"embeddable":true,"href":"https:\/\/lucacastelli.com\/fr\/wp-json\/wp\/v2\/media\/422484"}],"wp:attachment":[{"href":"https:\/\/lucacastelli.com\/fr\/wp-json\/wp\/v2\/media?parent=464840"}],"wp:term":[{"taxonomy":"product_brand","embeddable":true,"href":"https:\/\/lucacastelli.com\/fr\/wp-json\/wp\/v2\/product_brand?post=464840"},{"taxonomy":"product_cat","embeddable":true,"href":"https:\/\/lucacastelli.com\/fr\/wp-json\/wp\/v2\/product_cat?post=464840"},{"taxonomy":"product_tag","embeddable":true,"href":"https:\/\/lucacastelli.com\/fr\/wp-json\/wp\/v2\/product_tag?post=464840"}],"curies":[{"name":"wp","href":"https:\/\/api.w.org\/{rel}","templated":true}]}}