{"id":464835,"date":"2025-05-31T22:15:06","date_gmt":"2025-05-31T20:15:06","guid":{"rendered":"https:\/\/lucacastelli.com\/prodotto\/msa-190-t-35cm-sans-batterie-ni-chargeur\/"},"modified":"2025-06-29T13:45:39","modified_gmt":"2025-06-29T11:45:39","slug":"msa-190-t-35cm-sans-batterie-ni-chargeur","status":"publish","type":"product","link":"https:\/\/lucacastelli.com\/fr\/produit\/msa-190-t-35cm-sans-batterie-ni-chargeur\/","title":{"rendered":"STIHL MSA 190 T, 35cm, sans batterie ni chargeur"},"content":{"rendered":"<p>Tron\u00e7onneuse sans fil professionnelle polyvalente pour l\u2019entretien des arbres. Pour diff\u00e9rents travaux, tels que l\u2019\u00e9lagage des couronnes, l\u2019enl\u00e8vement des troncs morts ou des branches des souches et des troncs. Cha\u00eene de tron\u00e7onneuse 3?8&#8243; PS3 Pro pour des performances de coupe tr\u00e8s \u00e9lev\u00e9es. Utilisation simple avec levier ergonomique et bouton de verrouillage lat\u00e9ral. Bouchon de r\u00e9servoir sans outil. Possibilit\u00e9 d\u2019ajouter l\u2019\u0153illet Confort \u00e0 une date ult\u00e9rieure. Pour r\u00e9duire le poids, la nouvelle batterie AP 200 S.\/p<br \/>\npeut \u00eatre utilis\u00e9e 886661904808<\/p>\n<p>Tension nominale 36<br \/>\nConsommation \u00e9lectrique Alimentation<\/p>\n<p>Syst\u00e8me d\u2019alimentation<br \/>\nBatterie AP<br \/>\nBatterie recommand\u00e9e AP AP 200 S<\/p>\n","protected":false},"excerpt":{"rendered":"<p>Tron\u00e7onneuse sans fil professionnelle polyvalente pour l\u2019entretien des arbres. Pour diff\u00e9rents travaux, tels que l\u2019\u00e9lagage des couronnes, l\u2019enl\u00e8vement des troncs<\/p>\n","protected":false},"featured_media":437142,"template":"","meta":{"_seopress_robots_primary_cat":"","_seopress_titles_title":"","_seopress_titles_desc":"","_seopress_robots_index":""},"product_brand":[3366],"product_cat":[29,268,528],"product_tag":[3265],"class_list":{"0":"post-464835","1":"product","2":"type-product","3":"status-publish","4":"has-post-thumbnail","6":"product_brand-stihl","7":"product_cat-macchinari","8":"product_cat-motoseghe","9":"product_cat-motoseghe-a-batteria","10":"product_tag-import-stihl","11":"sws-gruppo-macchinari-fr","12":"sws-conto-ricavi-merci-rivendita-macchinari-fr","13":"sws-gruppo-iva-iva81-fr","15":"first","16":"onbackorder","17":"purchasable","18":"product-type-simple"},"_links":{"self":[{"href":"https:\/\/lucacastelli.com\/fr\/wp-json\/wp\/v2\/product\/464835","targetHints":{"allow":["GET"]}}],"collection":[{"href":"https:\/\/lucacastelli.com\/fr\/wp-json\/wp\/v2\/product"}],"about":[{"href":"https:\/\/lucacastelli.com\/fr\/wp-json\/wp\/v2\/types\/product"}],"wp:featuredmedia":[{"embeddable":true,"href":"https:\/\/lucacastelli.com\/fr\/wp-json\/wp\/v2\/media\/437142"}],"wp:attachment":[{"href":"https:\/\/lucacastelli.com\/fr\/wp-json\/wp\/v2\/media?parent=464835"}],"wp:term":[{"taxonomy":"product_brand","embeddable":true,"href":"https:\/\/lucacastelli.com\/fr\/wp-json\/wp\/v2\/product_brand?post=464835"},{"taxonomy":"product_cat","embeddable":true,"href":"https:\/\/lucacastelli.com\/fr\/wp-json\/wp\/v2\/product_cat?post=464835"},{"taxonomy":"product_tag","embeddable":true,"href":"https:\/\/lucacastelli.com\/fr\/wp-json\/wp\/v2\/product_tag?post=464835"}],"curies":[{"name":"wp","href":"https:\/\/api.w.org\/{rel}","templated":true}]}}