{"id":464828,"date":"2025-05-31T22:14:27","date_gmt":"2025-05-31T20:14:27","guid":{"rendered":"https:\/\/lucacastelli.com\/prodotto\/msa-220-tc-o-35cm-sans-batterie-ni-chargeur\/"},"modified":"2025-06-29T13:44:40","modified_gmt":"2025-06-29T11:44:40","slug":"msa-220-tc-o-35cm-sans-batterie-ni-chargeur","status":"publish","type":"product","link":"https:\/\/lucacastelli.com\/fr\/produit\/msa-220-tc-o-35cm-sans-batterie-ni-chargeur\/","title":{"rendered":"STIHL MSA 220 TC-O, 35cm, sans batterie ni chargeur"},"content":{"rendered":"<p>La tron\u00e7onneuse sans fil STIHL MSA 220 TC-O offre une grande capacit\u00e9 de coupe et beaucoup de confort pour l\u2019entretien des arbres, dans les travaux de jardinage et d\u2019am\u00e9nagement paysager ainsi que pour les administrations municipales. Dans le domaine de l\u2019\u00e9lagage, la puissante tron\u00e7onneuse sans fil STIHL MSA 220 TC-O se distingue par sa puissance ; strongmotor EC\/fort. En combinaison avec la batterie puissantenbsp&nbsp;; strongSTIHL AP 300 S\/strong, vous b\u00e9n\u00e9ficiez d\u2019une capacit\u00e9 de coupe particuli\u00e8rement \u00e9lev\u00e9e.nbsp&nbsp;;\/ppLe capteur d\u2019huile, qui mesure en permanence la quantit\u00e9 d\u2019huile de lubrification dans la cha\u00eene, vous aide \u00e0 travailler efficacement. En cas de p\u00e9nurie de p\u00e9trole, vous serez inform\u00e9 par le biais d\u2019une p\u00e9nurie de p\u00e9trole ; fortl\u2019indicateur LED\/fort. Pour effectuer des coupes pr\u00e9cises en toute simplicit\u00e9, la barre de r\u00e9duction mont\u00e9e du c\u00f4t\u00e9 du ventilateur et de l\u2019entra\u00eenement vous assiste.\/ppL\u2019utilisation est particuli\u00e8rement intuitive gr\u00e2ce au syst\u00e8me de commande \u00e9lectronique avec LED d\u2019\u00e9tat. Cela prend \u00e9galement en charge le frein de cha\u00eene m\u00e9canique, qui dispose \u00e9galement de LED d\u2019\u00e9tat. Dans un cockpit avec un \u00e9cran \u00e0 180\u00b0, les LED sont regroup\u00e9es, de sorte que vous \u00eates toujours inform\u00e9 rapidement de l\u2019\u00e9tat de votre tron\u00e7onneuse d\u2019\u00e9lagage.\/ppLes caract\u00e9ristiques suivantes permettent un travail particuli\u00e8rement efficace avec cette tron\u00e7onneuse sans fil MSA 220 TC-O :\/pulliLa tron\u00e7onneuse est fix\u00e9e au bois par la griffe robuste ; Avec des dents m\u00e9talliques, vous permettant d\u2019effectuer des coupes pr\u00e9cises avec facilit\u00e9. De plus, le dispositif de retenue des dents peut \u00eatre remplac\u00e9 rapidement.\/liliL\u2019air de refroidissement est nettoy\u00e9 par un filtre non-tiss\u00e9, prot\u00e9geant ainsi l\u2019\u00e9lectronique et les pi\u00e8ces du moteur \u00e0 long terme. Le filtre \u00e0 air de refroidissement peut \u00eatre nettoy\u00e9 rapidement et efficacement.\/liliEn cas d\u2019utilisation intensive ou d\u2019une batterie faible, l\u2019\u00e9lectronique de puissance r\u00e9duit automatiquement le courant et donc le couple en diminuant le courant. Cela vous permet de terminer une coupe, alors que d\u2019autres scies dans une situation comparable s\u2019arr\u00eateraient d\u00e9j\u00e0.\/liliRemarque : STIHL recommande olionbsp&nbsp;; lubrifiant BSP ; pour cha\u00eenes&nbsp;; strongSTIHL BioPlus\/fort. D\u2019autres huiles de lubrification \u00e0 cha\u00eene transparente d\u2019origine v\u00e9g\u00e9tale ou min\u00e9rale peuvent \u00e9galement \u00eatre utilis\u00e9es.\/li\/ulpTous les appareils fonctionnant sur batterie&nbsp;; strongsystem STIHL AP\/strongnbsp&nbsp;; Ils sont con\u00e7us pour les utilisateurs professionnels et pour un usage quotidien, m\u00eame dans des conditions m\u00e9t\u00e9orologiques d\u00e9favorables. Les appareils disposent \u00e9galement d\u2019une protection contre les \u00e9claboussures d\u2019eau prouv\u00e9e par des tests internes. Pour la STIHL MSA 220 T, la protection contre les \u00e9claboussures d\u2019eau, qui a d\u00e9j\u00e0 fait ses preuves lors de tests internes, a \u00e9t\u00e9 certifi\u00e9e selon l\u2019indice de protection IPX4.\/ppATTENTION : Cette tron\u00e7onneuse sp\u00e9ciale est uniquement destin\u00e9e aux utilisateurs form\u00e9s \u00e0 l\u2019\u00e9lagage. Une utilisation sans formation appropri\u00e9e peut entra\u00eener des blessures graves.<br \/>\n886661714599<\/p>\n<p>Tension nominale 36<br \/>\nConsommation \u00e9lectrique Consommation \u00e9lectrique<\/p>\n<p>Alimentation Alimentation<br \/>\nSyst\u00e8me de batterie AP<br \/>\nBatterie recommand\u00e9e AP 200 S, AP 300 S<\/p>\n","protected":false},"excerpt":{"rendered":"<p>La tron\u00e7onneuse sans fil STIHL MSA 220 TC-O offre une grande capacit\u00e9 de coupe et beaucoup de confort pour l\u2019entretien<\/p>\n","protected":false},"featured_media":437018,"template":"","meta":{"_seopress_robots_primary_cat":"","_seopress_titles_title":"","_seopress_titles_desc":"","_seopress_robots_index":""},"product_brand":[3366],"product_cat":[29,268,528],"product_tag":[3265],"class_list":{"0":"post-464828","1":"product","2":"type-product","3":"status-publish","4":"has-post-thumbnail","6":"product_brand-stihl","7":"product_cat-macchinari","8":"product_cat-motoseghe","9":"product_cat-motoseghe-a-batteria","10":"product_tag-import-stihl","11":"sws-gruppo-macchinari-fr","12":"sws-conto-ricavi-merci-rivendita-macchinari-fr","13":"sws-gruppo-iva-iva81-fr","15":"first","16":"onbackorder","17":"purchasable","18":"product-type-simple"},"_links":{"self":[{"href":"https:\/\/lucacastelli.com\/fr\/wp-json\/wp\/v2\/product\/464828","targetHints":{"allow":["GET"]}}],"collection":[{"href":"https:\/\/lucacastelli.com\/fr\/wp-json\/wp\/v2\/product"}],"about":[{"href":"https:\/\/lucacastelli.com\/fr\/wp-json\/wp\/v2\/types\/product"}],"wp:featuredmedia":[{"embeddable":true,"href":"https:\/\/lucacastelli.com\/fr\/wp-json\/wp\/v2\/media\/437018"}],"wp:attachment":[{"href":"https:\/\/lucacastelli.com\/fr\/wp-json\/wp\/v2\/media?parent=464828"}],"wp:term":[{"taxonomy":"product_brand","embeddable":true,"href":"https:\/\/lucacastelli.com\/fr\/wp-json\/wp\/v2\/product_brand?post=464828"},{"taxonomy":"product_cat","embeddable":true,"href":"https:\/\/lucacastelli.com\/fr\/wp-json\/wp\/v2\/product_cat?post=464828"},{"taxonomy":"product_tag","embeddable":true,"href":"https:\/\/lucacastelli.com\/fr\/wp-json\/wp\/v2\/product_tag?post=464828"}],"curies":[{"name":"wp","href":"https:\/\/api.w.org\/{rel}","templated":true}]}}