{"id":464826,"date":"2025-05-31T22:14:26","date_gmt":"2025-05-31T20:14:26","guid":{"rendered":"https:\/\/lucacastelli.com\/prodotto\/gta-40-sans-accu-ni-chargeur\/"},"modified":"2025-06-29T13:44:25","modified_gmt":"2025-06-29T11:44:25","slug":"gta-40-sans-accu-ni-chargeur","status":"publish","type":"product","link":"https:\/\/lucacastelli.com\/fr\/produit\/gta-40-sans-accu-ni-chargeur\/","title":{"rendered":"STIHL GTA 40, sans accu ni chargeur"},"content":{"rendered":"<p>L\u2019\u00e9lagueur sans fil STIHL GTA 40 est id\u00e9al pour l\u2019entretien des arbres et du bois, pour les travaux professionnels dans le jardinage et l\u2019am\u00e9nagement paysager, ainsi que pour l\u2019usinage du bois et des mat\u00e9riaux similaires au bois sur les chantiers de construction. Le STIHL GTA 40 peut \u00e9galement \u00eatre utilis\u00e9 par des arboriculteurs exp\u00e9riment\u00e9s pour effectuer des coupes dans la canop\u00e9e des arbres sur pied. Qu\u2019il s\u2019agisse de l\u2019entretien des arbres dans les parcs et les jardins, pour les corrections de couronnes ou pour la construction de murs en pierre s\u00e8che, les travaux int\u00e9rieurs ou les travaux de toiture : le GTA 40 convainc par son design compact et son faible poids.<br \/>\n795711948504  <\/p>\n<p>Tension nominale 22<br \/>\nConsommation \u00e9lectrique Consommation \u00e9lectrique<\/p>\n<p>Alimentation Alimentation<br \/>\nSyst\u00e8me de batterie AS<br \/>\nPoids de l\u2019appareil 1,4<\/p>\n","protected":false},"excerpt":{"rendered":"<p>L\u2019\u00e9lagueur sans fil STIHL GTA 40 est id\u00e9al pour l\u2019entretien des arbres et du bois, pour les travaux professionnels dans<\/p>\n","protected":false},"featured_media":436992,"template":"","meta":{"_seopress_robots_primary_cat":"","_seopress_titles_title":"","_seopress_titles_desc":"","_seopress_robots_index":""},"product_brand":[3366],"product_cat":[29,268,528],"product_tag":[3265],"class_list":{"0":"post-464826","1":"product","2":"type-product","3":"status-publish","4":"has-post-thumbnail","6":"product_brand-stihl","7":"product_cat-macchinari","8":"product_cat-motoseghe","9":"product_cat-motoseghe-a-batteria","10":"product_tag-import-stihl","11":"sws-gruppo-macchinari-fr","12":"sws-conto-ricavi-merci-rivendita-macchinari-fr","13":"sws-gruppo-iva-iva81-fr","15":"first","16":"onbackorder","17":"purchasable","18":"product-type-simple"},"_links":{"self":[{"href":"https:\/\/lucacastelli.com\/fr\/wp-json\/wp\/v2\/product\/464826","targetHints":{"allow":["GET"]}}],"collection":[{"href":"https:\/\/lucacastelli.com\/fr\/wp-json\/wp\/v2\/product"}],"about":[{"href":"https:\/\/lucacastelli.com\/fr\/wp-json\/wp\/v2\/types\/product"}],"wp:featuredmedia":[{"embeddable":true,"href":"https:\/\/lucacastelli.com\/fr\/wp-json\/wp\/v2\/media\/436992"}],"wp:attachment":[{"href":"https:\/\/lucacastelli.com\/fr\/wp-json\/wp\/v2\/media?parent=464826"}],"wp:term":[{"taxonomy":"product_brand","embeddable":true,"href":"https:\/\/lucacastelli.com\/fr\/wp-json\/wp\/v2\/product_brand?post=464826"},{"taxonomy":"product_cat","embeddable":true,"href":"https:\/\/lucacastelli.com\/fr\/wp-json\/wp\/v2\/product_cat?post=464826"},{"taxonomy":"product_tag","embeddable":true,"href":"https:\/\/lucacastelli.com\/fr\/wp-json\/wp\/v2\/product_tag?post=464826"}],"curies":[{"name":"wp","href":"https:\/\/api.w.org\/{rel}","templated":true}]}}