{"id":464810,"date":"2025-05-31T21:55:11","date_gmt":"2025-05-31T19:55:11","guid":{"rendered":"https:\/\/lucacastelli.com\/prodotto\/61-ps3-pro-picco-super-30-cm\/"},"modified":"2025-07-07T13:02:02","modified_gmt":"2025-07-07T11:02:02","slug":"61-ps3-pro-picco-super-30-cm","status":"publish","type":"product","link":"https:\/\/lucacastelli.com\/fr\/produit\/61-ps3-pro-picco-super-30-cm\/","title":{"rendered":"STIHL 61 PS3 Pro Super Peak, 30 cm"},"content":{"rendered":"<p>STIHL la premi\u00e8re cha\u00eene Picco au monde avec seulement des dents biseaut\u00e9es de 3\/8 po. Performances de coupe nettement am\u00e9lior\u00e9es. Tr\u00e8s peu de vibrations pendant la coupe, excellente application, surface de coupe extr\u00eamement propre, vibrations extr\u00eamement faibles. En raison de sa faible force de roulement, c\u2019est la cha\u00eene id\u00e9ale pour les \u00e9laginiers.<br \/>\n886661727896<\/p>\n<p>Pas de cha\u00eene 9,32 mm\/3\/8 &#8220;P<br \/>\n\u00c9paisseur du maillon de guidage \u00c9paisseur du maillon de guidage<\/p>\n<p>Longueur de la barre Longueur de la barre<\/p>\n","protected":false},"excerpt":{"rendered":"<p>STIHL la premi\u00e8re cha\u00eene Picco au monde avec seulement des dents biseaut\u00e9es de 3\/8 po. Performances de coupe nettement am\u00e9lior\u00e9es.<\/p>\n","protected":false},"featured_media":424428,"template":"","meta":{"_seopress_robots_primary_cat":"","_seopress_titles_title":"","_seopress_titles_desc":"","_seopress_robots_index":""},"product_brand":[3555],"product_cat":[1607,167,1604],"product_tag":[3267],"class_list":{"0":"post-464810","1":"product","2":"type-product","3":"status-publish","4":"has-post-thumbnail","6":"product_brand-stihl-fr","7":"product_cat-chaines-et-enrouleurs","8":"product_cat-machines","9":"product_cat-tronconneuses","10":"product_tag-import-stihl-fr","11":"sws-gruppo-macchinari","12":"sws-conto-ricavi-merci-rivendita-macchinari","13":"sws-gruppo-iva-iva81","15":"first","16":"onbackorder","17":"purchasable","18":"product-type-simple"},"_links":{"self":[{"href":"https:\/\/lucacastelli.com\/fr\/wp-json\/wp\/v2\/product\/464810","targetHints":{"allow":["GET"]}}],"collection":[{"href":"https:\/\/lucacastelli.com\/fr\/wp-json\/wp\/v2\/product"}],"about":[{"href":"https:\/\/lucacastelli.com\/fr\/wp-json\/wp\/v2\/types\/product"}],"wp:featuredmedia":[{"embeddable":true,"href":"https:\/\/lucacastelli.com\/fr\/wp-json\/wp\/v2\/media\/424428"}],"wp:attachment":[{"href":"https:\/\/lucacastelli.com\/fr\/wp-json\/wp\/v2\/media?parent=464810"}],"wp:term":[{"taxonomy":"product_brand","embeddable":true,"href":"https:\/\/lucacastelli.com\/fr\/wp-json\/wp\/v2\/product_brand?post=464810"},{"taxonomy":"product_cat","embeddable":true,"href":"https:\/\/lucacastelli.com\/fr\/wp-json\/wp\/v2\/product_cat?post=464810"},{"taxonomy":"product_tag","embeddable":true,"href":"https:\/\/lucacastelli.com\/fr\/wp-json\/wp\/v2\/product_tag?post=464810"}],"curies":[{"name":"wp","href":"https:\/\/api.w.org\/{rel}","templated":true}]}}