{"id":464799,"date":"2023-07-02T07:42:17","date_gmt":"2023-07-02T05:42:17","guid":{"rendered":"https:\/\/lucacastelli.com\/prodotto\/carburant-akku-astsage-m12fhs-0\/"},"modified":"2025-06-29T08:17:48","modified_gmt":"2025-06-29T06:17:48","slug":"carburant-akku-astsage-m12fhs-0","status":"publish","type":"product","link":"https:\/\/lucacastelli.com\/fr\/produit\/carburant-akku-astsage-m12fhs-0\/","title":{"rendered":"CARBURANT\u2122 Akku-Asts\u00e4ge M12FHS-0"},"content":{"rendered":"<p>Fonctionnalit\u00e9s:<\/p>\n<p>La scie d\u2019\u00e9lagage sans fil M12 FUEL\u2122 offre un excellent contr\u00f4le, peut couper du bois dur de 75 mm et offre jusqu\u2019\u00e0 120 coupes par charge de la batterie M12B4.<br \/>\nCon\u00e7u pour r\u00e9pondre aux besoins des utilisateurs en mati\u00e8re d\u2019ergonomie, de performance et de durabilit\u00e9.<br \/>\nAvec un poids de 2,3 kg et une conception compacte, la scie d\u2019\u00e9lagage sans fil offre un meilleur contr\u00f4le et une meilleure maniabilit\u00e9 pour les travaux difficiles d\u2019acc\u00e8s.<br \/>\nLe tendeur de cha\u00eene facilement accessible vous permet d\u2019ajuster rapidement la tension de la cha\u00eene<br \/>\nLe r\u00e9servoir d\u2019huile transparent vous permet de v\u00e9rifier facilement le niveau d\u2019huile<br \/>\nLes commandes de vitesse sensibles permettent \u00e0 l\u2019utilisateur d\u2019avoir un contr\u00f4le total de la puissance de sortie<br \/>\nArr\u00eat des griffes m\u00e9talliques pour un meilleur<br \/>\neffet de levier Lubrification automatique de la cha\u00eene pour une productivit\u00e9<br \/>\naccrue Rangement des outils pour cl\u00e9s mixtes<br \/>\nLe moteur brushless POWERSTATE\u2122 de derni\u00e8re g\u00e9n\u00e9ration, l\u2019\u00e9lectronique REDLINK Plus\u2122 et les batteries 12,0 Ah REDLITHIUM-HIGH\u2122 OUTPUT\u2122 offrent une puissance puissante,  Longue dur\u00e9e de vie et longue dur\u00e9e de fonctionnement dans les applications les plus exigeantes.<br \/>\n100&nbsp;% compatible avec la gamme de produits MILWAUKEE\u00ae M12\u2122.<\/p>\n<p>Caract\u00e9ristiques techniques&nbsp;:<br \/>\nBatterie lithium-ion<br \/>\nCapacit\u00e9 de la batterie (Ah) (6.0)<br \/>\nPoids avec batterie (kg) (2.3)<br \/>\nVitesse de la cha\u00eene (m\/s) 5<br \/>\nLongueur utile de la barre (cm) 14<br \/>\nLongueur de la barre (cm) 15<br \/>\nTension (V) 12<\/p>\n<p>Contenu de la livraison :<\/p>\n<p>sans batterie, sans chargeur<br \/>\n1x cha\u00eene Oregon 6<\/p>\n<p>Protecteur de guide-cha\u00eene 1x cl\u00e9 mixte<br \/>\nLivr\u00e9 dans une bo\u00eete en carton<\/p>\n","protected":false},"excerpt":{"rendered":"<p>Fonctionnalit\u00e9s: La scie d\u2019\u00e9lagage sans fil M12 FUEL\u2122 offre un excellent contr\u00f4le, peut couper du bois dur de 75 mm<\/p>\n","protected":false},"featured_media":56892,"template":"","meta":{"_seopress_robots_primary_cat":"","_seopress_titles_title":"","_seopress_titles_desc":"","_seopress_robots_index":""},"product_brand":[3407],"product_cat":[29,268,282,267],"product_tag":[],"class_list":{"0":"post-464799","1":"product","2":"type-product","3":"status-publish","4":"has-post-thumbnail","6":"product_brand-milwaukee","7":"product_cat-macchinari","8":"product_cat-motoseghe","9":"product_cat-tosasiepi-e-potatori-a-batteria","10":"product_cat-tosasiepi-e-potatori","12":"first","13":"onbackorder","14":"shipping-taxable","15":"purchasable","16":"product-type-simple"},"_links":{"self":[{"href":"https:\/\/lucacastelli.com\/fr\/wp-json\/wp\/v2\/product\/464799","targetHints":{"allow":["GET"]}}],"collection":[{"href":"https:\/\/lucacastelli.com\/fr\/wp-json\/wp\/v2\/product"}],"about":[{"href":"https:\/\/lucacastelli.com\/fr\/wp-json\/wp\/v2\/types\/product"}],"wp:featuredmedia":[{"embeddable":true,"href":"https:\/\/lucacastelli.com\/fr\/wp-json\/wp\/v2\/media\/56892"}],"wp:attachment":[{"href":"https:\/\/lucacastelli.com\/fr\/wp-json\/wp\/v2\/media?parent=464799"}],"wp:term":[{"taxonomy":"product_brand","embeddable":true,"href":"https:\/\/lucacastelli.com\/fr\/wp-json\/wp\/v2\/product_brand?post=464799"},{"taxonomy":"product_cat","embeddable":true,"href":"https:\/\/lucacastelli.com\/fr\/wp-json\/wp\/v2\/product_cat?post=464799"},{"taxonomy":"product_tag","embeddable":true,"href":"https:\/\/lucacastelli.com\/fr\/wp-json\/wp\/v2\/product_tag?post=464799"}],"curies":[{"name":"wp","href":"https:\/\/api.w.org\/{rel}","templated":true}]}}