{"id":464785,"date":"2022-10-21T10:12:49","date_gmt":"2022-10-21T08:12:49","guid":{"rendered":"https:\/\/lucacastelli.com\/?post_type=product&#038;p=464785"},"modified":"2025-07-20T18:28:29","modified_gmt":"2025-07-20T16:28:29","slug":"vallorbe-lime-triangulaire","status":"publish","type":"product","link":"https:\/\/lucacastelli.com\/fr\/produit\/vallorbe-lime-triangulaire\/","title":{"rendered":"VALLORBE Lime triangulaire"},"content":{"rendered":"<p>Lime triangulaire VALLORBE, pour limer des cha\u00eenes de ciseaux pleines avec aff\u00fbtage carr\u00e9.<\/p>\n<p>C\u00f4t\u00e9&nbsp;: 4,5 mm<br \/>\nLongueur&nbsp;: 8&#8243; &#8211; 200 mm<\/p>\n","protected":false},"excerpt":{"rendered":"<p>Lime triangulaire VALLORBE, pour limer des cha\u00eenes de ciseaux pleines avec aff\u00fbtage carr\u00e9. C\u00f4t\u00e9&nbsp;: 4,5 mm Longueur&nbsp;: 8&#8243; &#8211; 200<\/p>\n","protected":false},"featured_media":54509,"template":"","meta":{"_seopress_robots_primary_cat":"","_seopress_titles_title":"","_seopress_titles_desc":"","_seopress_robots_index":""},"product_brand":[4389],"product_cat":[29,268,269,267],"product_tag":[],"class_list":{"0":"post-464785","1":"product","2":"type-product","3":"status-publish","4":"has-post-thumbnail","6":"product_brand-vallorbe","7":"product_cat-macchinari","8":"product_cat-motoseghe","9":"product_cat-accessori-e-materiale-di-consumo-tosasiepi-e-potatori","10":"product_cat-tosasiepi-e-potatori","11":"sws-gruppo-macchinari-fr","12":"sws-conto-ricavi-merci-rivendita-macchinari-fr","13":"sws-gruppo-iva-iva81-fr","15":"first","16":"instock","17":"shipping-taxable","18":"purchasable","19":"product-type-simple"},"_links":{"self":[{"href":"https:\/\/lucacastelli.com\/fr\/wp-json\/wp\/v2\/product\/464785","targetHints":{"allow":["GET"]}}],"collection":[{"href":"https:\/\/lucacastelli.com\/fr\/wp-json\/wp\/v2\/product"}],"about":[{"href":"https:\/\/lucacastelli.com\/fr\/wp-json\/wp\/v2\/types\/product"}],"wp:featuredmedia":[{"embeddable":true,"href":"https:\/\/lucacastelli.com\/fr\/wp-json\/wp\/v2\/media\/54509"}],"wp:attachment":[{"href":"https:\/\/lucacastelli.com\/fr\/wp-json\/wp\/v2\/media?parent=464785"}],"wp:term":[{"taxonomy":"product_brand","embeddable":true,"href":"https:\/\/lucacastelli.com\/fr\/wp-json\/wp\/v2\/product_brand?post=464785"},{"taxonomy":"product_cat","embeddable":true,"href":"https:\/\/lucacastelli.com\/fr\/wp-json\/wp\/v2\/product_cat?post=464785"},{"taxonomy":"product_tag","embeddable":true,"href":"https:\/\/lucacastelli.com\/fr\/wp-json\/wp\/v2\/product_tag?post=464785"}],"curies":[{"name":"wp","href":"https:\/\/api.w.org\/{rel}","templated":true}]}}