{"id":464770,"date":"2022-07-15T15:39:11","date_gmt":"2022-07-15T13:39:11","guid":{"rendered":"https:\/\/lucacastelli.com\/?post_type=product&#038;p=464770"},"modified":"2025-09-24T07:30:47","modified_gmt":"2025-09-24T05:30:47","slug":"guide-des-fichiers-vallorbe","status":"publish","type":"product","link":"https:\/\/lucacastelli.com\/fr\/produit\/guide-des-fichiers-vallorbe\/","title":{"rendered":"Guide des fichiers VALLORBE"},"content":{"rendered":"<p>POURQUOI AFF\u00dbTER UNE CHA\u00ceNE DE TRON\u00c7ONNEUSE ?<\/p>\n<p>&#8211; R\u00e9duction du risque d\u2019accident<br \/>\n&#8211; Excellentes performances de coupe<br \/>\n&#8211; Vitesse de coupe<br \/>\n plus \u00e9lev\u00e9e- Facilit\u00e9 d\u2019utilisation : moins d\u2019effort physique- R\u00e9duction de l\u2019usure<br \/>\n du maillon de la tron\u00e7onneuse<br \/>\n et du ch\u00e2ssis- R\u00e9duction de la consommation de carburant<\/p>\n<p>Aff\u00fbtage pr\u00e9cis<br \/>\nInserts en acier inoxydable tremp\u00e9<br \/>\nSensation optimale lors de l\u2019aff\u00fbtage<br \/>\nGlisse parfaite sur les terrains de golf<br \/>\nAssure un tranchant constant tout au long de la cha\u00eene<\/p>\n<p>Design innovant<br \/>\nFabriqu\u00e9 en plastique technique<br \/>\nRobuste et r\u00e9sistant aux<br \/>\nintemp\u00e9ries Indication du diam\u00e8tre de la lime \u00e0 utiliser<br \/>\nHaute adaptabilit\u00e9 : couleur et marque<br \/>\npersonnalisables<br \/>\nLongueur de connexion mesurable<\/p>\n<p>Facile \u00e0 utiliser<br \/>\nL\u00e9ger, seulement 54 g<\/p>\n","protected":false},"excerpt":{"rendered":"<p>POURQUOI AFF\u00dbTER UNE CHA\u00ceNE DE TRON\u00c7ONNEUSE ? &#8211; R\u00e9duction du risque d\u2019accident &#8211; Excellentes performances de coupe &#8211; Vitesse de<\/p>\n","protected":false},"featured_media":53448,"template":"","meta":{"_seopress_robots_primary_cat":"","_seopress_titles_title":"","_seopress_titles_desc":"","_seopress_robots_index":""},"product_brand":[4421],"product_cat":[1605,167,1690,1604],"product_tag":[],"class_list":{"0":"post-464770","1":"product","2":"type-product","3":"status-publish","4":"has-post-thumbnail","6":"product_brand-vallorbe-fr","7":"product_cat-accessoires-et-consommables-fr-4","8":"product_cat-machines","9":"product_cat-taille-haies-et-elagueurs","10":"product_cat-tronconneuses","11":"sws-gruppo-macchinari-fr","12":"sws-conto-ricavi-merci-rivendita-macchinari-fr","13":"sws-gruppo-iva-iva81-fr","15":"first","16":"instock","17":"shipping-taxable","18":"purchasable","19":"product-type-variable"},"_links":{"self":[{"href":"https:\/\/lucacastelli.com\/fr\/wp-json\/wp\/v2\/product\/464770","targetHints":{"allow":["GET"]}}],"collection":[{"href":"https:\/\/lucacastelli.com\/fr\/wp-json\/wp\/v2\/product"}],"about":[{"href":"https:\/\/lucacastelli.com\/fr\/wp-json\/wp\/v2\/types\/product"}],"wp:featuredmedia":[{"embeddable":true,"href":"https:\/\/lucacastelli.com\/fr\/wp-json\/wp\/v2\/media\/53448"}],"wp:attachment":[{"href":"https:\/\/lucacastelli.com\/fr\/wp-json\/wp\/v2\/media?parent=464770"}],"wp:term":[{"taxonomy":"product_brand","embeddable":true,"href":"https:\/\/lucacastelli.com\/fr\/wp-json\/wp\/v2\/product_brand?post=464770"},{"taxonomy":"product_cat","embeddable":true,"href":"https:\/\/lucacastelli.com\/fr\/wp-json\/wp\/v2\/product_cat?post=464770"},{"taxonomy":"product_tag","embeddable":true,"href":"https:\/\/lucacastelli.com\/fr\/wp-json\/wp\/v2\/product_tag?post=464770"}],"curies":[{"name":"wp","href":"https:\/\/api.w.org\/{rel}","templated":true}]}}