{"id":464764,"date":"2022-07-15T14:44:55","date_gmt":"2022-07-15T12:44:55","guid":{"rendered":"https:\/\/lucacastelli.com\/?post_type=product&#038;p=464764"},"modified":"2026-03-06T16:58:32","modified_gmt":"2026-03-06T15:58:32","slug":"vallorbe-poignee-lime-woody","status":"publish","type":"product","link":"https:\/\/lucacastelli.com\/fr\/produit\/vallorbe-poignee-lime-woody\/","title":{"rendered":"VALLORBE Poign\u00e9e lime WOODY"},"content":{"rendered":"<p>Le manche Woody est parfait pour utiliser des limes de tron\u00e7onneuse rondes. Il offre \u00e0 l\u2019utilisateur un haut niveau de confort. <\/p>\n<p>* Bois<br \/>\n dur* Excellent rapport qualit\u00e9\/prix<\/p>\n","protected":false},"excerpt":{"rendered":"<p>Le manche Woody est parfait pour utiliser des limes de tron\u00e7onneuse rondes. Il offre \u00e0 l\u2019utilisateur un haut niveau de<\/p>\n","protected":false},"featured_media":53433,"template":"","meta":{"_seopress_robots_primary_cat":"","_seopress_titles_title":"","_seopress_titles_desc":"","_seopress_robots_index":""},"product_brand":[4389],"product_cat":[29,268,269,267],"product_tag":[],"class_list":{"0":"post-464764","1":"product","2":"type-product","3":"status-publish","4":"has-post-thumbnail","6":"product_brand-vallorbe","7":"product_cat-macchinari","8":"product_cat-motoseghe","9":"product_cat-accessori-e-materiale-di-consumo-tosasiepi-e-potatori","10":"product_cat-tosasiepi-e-potatori","11":"sws-gruppo-macchinari-fr","12":"sws-conto-ricavi-merci-rivendita-macchinari-fr","13":"sws-gruppo-iva-iva81-fr","15":"first","16":"instock","17":"shipping-taxable","18":"purchasable","19":"product-type-simple"},"_links":{"self":[{"href":"https:\/\/lucacastelli.com\/fr\/wp-json\/wp\/v2\/product\/464764","targetHints":{"allow":["GET"]}}],"collection":[{"href":"https:\/\/lucacastelli.com\/fr\/wp-json\/wp\/v2\/product"}],"about":[{"href":"https:\/\/lucacastelli.com\/fr\/wp-json\/wp\/v2\/types\/product"}],"wp:featuredmedia":[{"embeddable":true,"href":"https:\/\/lucacastelli.com\/fr\/wp-json\/wp\/v2\/media\/53433"}],"wp:attachment":[{"href":"https:\/\/lucacastelli.com\/fr\/wp-json\/wp\/v2\/media?parent=464764"}],"wp:term":[{"taxonomy":"product_brand","embeddable":true,"href":"https:\/\/lucacastelli.com\/fr\/wp-json\/wp\/v2\/product_brand?post=464764"},{"taxonomy":"product_cat","embeddable":true,"href":"https:\/\/lucacastelli.com\/fr\/wp-json\/wp\/v2\/product_cat?post=464764"},{"taxonomy":"product_tag","embeddable":true,"href":"https:\/\/lucacastelli.com\/fr\/wp-json\/wp\/v2\/product_tag?post=464764"}],"curies":[{"name":"wp","href":"https:\/\/api.w.org\/{rel}","templated":true}]}}