{"id":464752,"date":"2022-07-15T15:14:44","date_gmt":"2022-07-15T13:14:44","guid":{"rendered":"https:\/\/lucacastelli.com\/?post_type=product&#038;p=464752"},"modified":"2025-07-20T18:28:21","modified_gmt":"2025-07-20T16:28:21","slug":"vallorbe-lime-a-poignee-crocodile","status":"publish","type":"product","link":"https:\/\/lucacastelli.com\/fr\/produit\/vallorbe-lime-a-poignee-crocodile\/","title":{"rendered":"VALLORBE Lime \u00e0 poign\u00e9e CROCODILE"},"content":{"rendered":"<p>Poign\u00e9e en plastique bleu antid\u00e9rapante avec insert en maille durcie et trou de suspension.<\/p>\n","protected":false},"excerpt":{"rendered":"<p>Poign\u00e9e en plastique bleu antid\u00e9rapante avec insert en maille durcie et trou de suspension.<\/p>\n","protected":false},"featured_media":53439,"template":"","meta":{"_seopress_robots_primary_cat":"","_seopress_titles_title":"","_seopress_titles_desc":"","_seopress_robots_index":""},"product_brand":[4421],"product_cat":[1605,167,1690,1604],"product_tag":[],"class_list":{"0":"post-464752","1":"product","2":"type-product","3":"status-publish","4":"has-post-thumbnail","6":"product_brand-vallorbe-fr","7":"product_cat-accessoires-et-consommables-fr-4","8":"product_cat-machines","9":"product_cat-taille-haies-et-elagueurs","10":"product_cat-tronconneuses","11":"sws-gruppo-macchinari-fr","12":"sws-conto-ricavi-merci-rivendita-macchinari-fr","13":"sws-gruppo-iva-iva81-fr","15":"first","16":"instock","17":"shipping-taxable","18":"purchasable","19":"product-type-variable"},"_links":{"self":[{"href":"https:\/\/lucacastelli.com\/fr\/wp-json\/wp\/v2\/product\/464752","targetHints":{"allow":["GET"]}}],"collection":[{"href":"https:\/\/lucacastelli.com\/fr\/wp-json\/wp\/v2\/product"}],"about":[{"href":"https:\/\/lucacastelli.com\/fr\/wp-json\/wp\/v2\/types\/product"}],"wp:featuredmedia":[{"embeddable":true,"href":"https:\/\/lucacastelli.com\/fr\/wp-json\/wp\/v2\/media\/53439"}],"wp:attachment":[{"href":"https:\/\/lucacastelli.com\/fr\/wp-json\/wp\/v2\/media?parent=464752"}],"wp:term":[{"taxonomy":"product_brand","embeddable":true,"href":"https:\/\/lucacastelli.com\/fr\/wp-json\/wp\/v2\/product_brand?post=464752"},{"taxonomy":"product_cat","embeddable":true,"href":"https:\/\/lucacastelli.com\/fr\/wp-json\/wp\/v2\/product_cat?post=464752"},{"taxonomy":"product_tag","embeddable":true,"href":"https:\/\/lucacastelli.com\/fr\/wp-json\/wp\/v2\/product_tag?post=464752"}],"curies":[{"name":"wp","href":"https:\/\/api.w.org\/{rel}","templated":true}]}}