{"id":464751,"date":"2022-07-15T14:21:17","date_gmt":"2022-07-15T12:21:17","guid":{"rendered":"https:\/\/lucacastelli.com\/?post_type=product&#038;p=464751"},"modified":"2025-07-20T18:28:17","modified_gmt":"2025-07-20T16:28:17","slug":"vallorbe-classeur-classique","status":"publish","type":"product","link":"https:\/\/lucacastelli.com\/fr\/produit\/vallorbe-classeur-classique\/","title":{"rendered":"VALLORBE Classeur classique"},"content":{"rendered":"<p>Le manche en bois est un ajout indispensable aux limes rondes pour l\u2019aff\u00fbtage des tron\u00e7onneuses. Gr\u00e2ce \u00e0 sa forme ergonomique, il permet de positionner la lime \u00e0 25\u00b0 ou 30\u00b0. <\/p>\n<p>* Polypropyl\u00e8ne, bleu<br \/>\n * Facile \u00e0 utiliser<br \/>\n * Indicateur de degr\u00e9<\/p>\n","protected":false},"excerpt":{"rendered":"<p>Le manche en bois est un ajout indispensable aux limes rondes pour l\u2019aff\u00fbtage des tron\u00e7onneuses. Gr\u00e2ce \u00e0 sa forme ergonomique,<\/p>\n","protected":false},"featured_media":53423,"template":"","meta":{"_seopress_robots_primary_cat":"","_seopress_titles_title":"","_seopress_titles_desc":"","_seopress_robots_index":""},"product_brand":[4389],"product_cat":[29,268,269,267],"product_tag":[],"class_list":{"0":"post-464751","1":"product","2":"type-product","3":"status-publish","4":"has-post-thumbnail","6":"product_brand-vallorbe","7":"product_cat-macchinari","8":"product_cat-motoseghe","9":"product_cat-accessori-e-materiale-di-consumo-tosasiepi-e-potatori","10":"product_cat-tosasiepi-e-potatori","11":"sws-gruppo-macchinari-fr","12":"sws-conto-ricavi-merci-rivendita-macchinari-fr","13":"sws-gruppo-iva-iva81-fr","15":"first","16":"instock","17":"shipping-taxable","18":"purchasable","19":"product-type-simple"},"_links":{"self":[{"href":"https:\/\/lucacastelli.com\/fr\/wp-json\/wp\/v2\/product\/464751","targetHints":{"allow":["GET"]}}],"collection":[{"href":"https:\/\/lucacastelli.com\/fr\/wp-json\/wp\/v2\/product"}],"about":[{"href":"https:\/\/lucacastelli.com\/fr\/wp-json\/wp\/v2\/types\/product"}],"wp:featuredmedia":[{"embeddable":true,"href":"https:\/\/lucacastelli.com\/fr\/wp-json\/wp\/v2\/media\/53423"}],"wp:attachment":[{"href":"https:\/\/lucacastelli.com\/fr\/wp-json\/wp\/v2\/media?parent=464751"}],"wp:term":[{"taxonomy":"product_brand","embeddable":true,"href":"https:\/\/lucacastelli.com\/fr\/wp-json\/wp\/v2\/product_brand?post=464751"},{"taxonomy":"product_cat","embeddable":true,"href":"https:\/\/lucacastelli.com\/fr\/wp-json\/wp\/v2\/product_cat?post=464751"},{"taxonomy":"product_tag","embeddable":true,"href":"https:\/\/lucacastelli.com\/fr\/wp-json\/wp\/v2\/product_tag?post=464751"}],"curies":[{"name":"wp","href":"https:\/\/api.w.org\/{rel}","templated":true}]}}