{"id":464744,"date":"2025-06-01T01:16:15","date_gmt":"2025-05-31T23:16:15","guid":{"rendered":"https:\/\/lucacastelli.com\/prodotto\/ghe-105\/"},"modified":"2025-06-28T03:56:01","modified_gmt":"2025-06-28T01:56:01","slug":"ghe-105","status":"publish","type":"product","link":"https:\/\/lucacastelli.com\/fr\/produit\/ghe-105\/","title":{"rendered":"STIHL GHE 105"},"content":{"rendered":"<p>Broyeur \u00e9lectrique compact, avec moteur \u00e9lectrique efficace pour des travaux de broyage occasionnels avec des branches de r\u00e9sistance moyenne et des mat\u00e9riaux mous. Avec branchement \u00e9lectrique et ouverture tr\u00e8fle.<br \/>\n886661755295 <\/p>\n<p>Tension nominale 230<br \/>\nPuissance nominale Puissance nominale<\/p>\n<p>Poids Poids<br \/>\nIP IPX4<br \/>\ndegr\u00e9 de protection Diam\u00e8tre maximum de la branche 35<\/p>\n","protected":false},"excerpt":{"rendered":"<p>GHE 105<\/p>\n","protected":false},"featured_media":437814,"template":"","meta":{"_seopress_robots_primary_cat":"","_seopress_titles_title":"","_seopress_titles_desc":"","_seopress_robots_index":""},"product_brand":[3366],"product_cat":[29,529,531],"product_tag":[3265],"class_list":{"0":"post-464744","1":"product","2":"type-product","3":"status-publish","4":"has-post-thumbnail","6":"product_brand-stihl","7":"product_cat-macchinari","8":"product_cat-biotrituratori","9":"product_cat-biotrituratori-elettrici","10":"product_tag-import-stihl","11":"sws-gruppo-macchinari-fr","12":"sws-marca-stihl-vertriebs-ag-fr","13":"sws-conto-ricavi-merci-rivendita-macchinari-fr","14":"sws-gruppo-iva-iva81-fr","16":"first","17":"onbackorder","18":"purchasable","19":"product-type-simple"},"_links":{"self":[{"href":"https:\/\/lucacastelli.com\/fr\/wp-json\/wp\/v2\/product\/464744","targetHints":{"allow":["GET"]}}],"collection":[{"href":"https:\/\/lucacastelli.com\/fr\/wp-json\/wp\/v2\/product"}],"about":[{"href":"https:\/\/lucacastelli.com\/fr\/wp-json\/wp\/v2\/types\/product"}],"wp:featuredmedia":[{"embeddable":true,"href":"https:\/\/lucacastelli.com\/fr\/wp-json\/wp\/v2\/media\/437814"}],"wp:attachment":[{"href":"https:\/\/lucacastelli.com\/fr\/wp-json\/wp\/v2\/media?parent=464744"}],"wp:term":[{"taxonomy":"product_brand","embeddable":true,"href":"https:\/\/lucacastelli.com\/fr\/wp-json\/wp\/v2\/product_brand?post=464744"},{"taxonomy":"product_cat","embeddable":true,"href":"https:\/\/lucacastelli.com\/fr\/wp-json\/wp\/v2\/product_cat?post=464744"},{"taxonomy":"product_tag","embeddable":true,"href":"https:\/\/lucacastelli.com\/fr\/wp-json\/wp\/v2\/product_tag?post=464744"}],"curies":[{"name":"wp","href":"https:\/\/api.w.org\/{rel}","templated":true}]}}